{"id":13741,"date":"2024-11-10T16:18:04","date_gmt":"2024-11-10T16:18:04","guid":{"rendered":"https:\/\/ikebanafusung.com\/?post_type=product&#038;p=13741"},"modified":"2025-01-27T10:27:52","modified_gmt":"2025-01-27T10:27:52","slug":"cocuk-aktivite-kitabi-ikebana-for-kids","status":"publish","type":"product","link":"https:\/\/ikebanafusung.com\/?product=cocuk-aktivite-kitabi-ikebana-for-kids","title":{"rendered":"Ikebana For Kids"},"content":{"rendered":"<p>\u00c7ocuk aktivite kitab\u0131 \u00c7ocuklarla \u0130kebana kitab\u0131m\u0131n ingilizce versiyonu<br \/>\n\u0130kebana-Japon \u00c7i\u00e7ek D\u00fczenleme Sanat\u0131n\u0131n di\u011fer \u00e7i\u00e7ek d\u00fczenleme bi\u00e7imlerinden fark\u0131 bir felsefesi ve tekni\u011fi olmas\u0131d\u0131r. . Hayat\u0131 oldu\u011fu gibi kabul etmek ve zorluklarla ba\u015f etmek i\u00e7in ki\u015fisel geli\u015fim yollar\u0131ndan biridir.\u00a0 Do\u011fay\u0131 \u00f6rnek al\u0131r ve \u00e7i\u00e7eklerimizi vazolarda ona g\u00f6re tanzim ederiz. Bu esnada duygu ve d\u00fc\u015f\u00fcncelerimizi \u00e7i\u00e7eklerle ifade ederiz. \u0130kebana sanat\u0131 hakk\u0131ndaki ilk kitab\u0131m\u0131 \u00c7ocuk geli\u015fim aktivite kitab\u0131 olarak yazd\u0131m. \u00c7ocuk aktivite kitaplar\u0131 do\u011fa ve sanat \u00fczerine bir kitap kazand\u0131. B\u00f6ylelikle \u00e7ocuklar\u0131m\u0131z, torunlar\u0131m\u0131z do\u011fayla b\u00fct\u00fcnle\u015fecek ve kendilerini daha iyi ifade etmeyi \u00f6\u011frenecekler.<\/p>\n<p>Kitaptan bir al\u0131nt\u0131:<\/p>\n<p>&#8221;De\u011ferli Anne-Babalar<br \/>\n\u00c7ocu\u011funuz Neden \u0130kebana \u00d6\u011frenmeli<\/p>\n<p>D\u00fcn bir r\u00fcya, yar\u0131nsa bir hayaldir<br \/>\nR\u00fcyay\u0131 mutlu, hayali umutlu yapan bug\u00fcnd\u00fcr<br \/>\nBug\u00fcne iyi bak.<\/p>\n<p>Halil Cibran<\/p>\n<p>\u0130kebana-Japon \u00c7i\u00e7ek D\u00fczenleme Sanat\u0131&#8217;nda yeni a\u00e7an \u00e7i\u00e7ekler &#8221;\u015fimdi&#8221;yi i\u015faret eder. \u015eair Cibran da m\u0131sralar\u0131nda &#8221;bug\u00fcne&#8221; dikkat \u00e7ekmekte. &#8221;Bug\u00fcn ve \u015fimdi&#8221; \u00f6nemli \u00e7\u00fcnk\u00fc en k\u0131ymetli varl\u0131klar\u0131m\u0131z \u00e7ocuklar\u0131m\u0131z bug\u00fcn ve \u015fimdide ya\u015f\u0131yor&#8230;\u00e7ocuklar\u0131m\u0131z\u0131n en b\u00fcy\u00fck hazineleri hayal d\u00fcnyalar\u0131nda oynad\u0131klar\u0131 oyunlar. Bu oyunlar zihinsel ve ve duygusal geli\u015fimlerine katk\u0131 sa\u011flar ve hayatla ba\u015f etmelerine yard\u0131mc\u0131 olur&#8230; Ancak k\u00fc\u00e7\u00fcc\u00fck ya\u015flarda internet ba\u011f\u0131ml\u0131s\u0131 olmaya ba\u015flayan \u00e7ocuklar\u0131m\u0131z, oyun oynamay\u0131, hayal kurmay\u0131 unutuyorlar ve yarat\u0131c\u0131klar\u0131 t\u00f6rp\u00fcleniyor. Dolay\u0131s\u0131yla kendilerini ifade etmekte zorluk \u00e7ekiyorlar. \u00dcstelik do\u011fayla ileti\u015fimleri de olduk\u00e7a kopuk. Oysa do\u011fay\u0131 tan\u0131mak ve anlamak, hayat\u0131n anlam\u0131n\u0131 ke\u015ffetmeye yard\u0131mc\u0131 oluyor. \u00dcstelik tabiattan uzak kalmalar\u0131 onlar\u0131n d\u00fcnyay\u0131 oldu\u011fu gibi kabul etmelerini de zorla\u015ft\u0131r\u0131yor.<\/p>\n<p>&#8230;ikebana sanat\u0131 kendini ifade etmenin ve ileti\u015fim kurman\u0131n bir yoludur. Duygu ve d\u00fc\u015f\u00fcnceleri s\u00f6zle de\u011fil, \u00e7i\u00e7eklerle anlatma deneyimidir. \u0130kebana \u00f6\u011frenen \u00e7ocuk hayat\u0131n zorluklar\u0131 ile ba\u015f etmenin ipu\u00e7lar\u0131n\u0131 yakalar, evrensel bir sanat \u00f6\u011frenip hobi edinir.<\/p>\n<p>&#8230;bu sanat\u0131n felsefesi ve tekni\u011fi bu kitapta \u00e7ocuklar i\u00e7in basitle\u015ftirilmi\u015ftir.&#8221;<\/p>\n<p>&#8230;do\u011faya \u00e7ok \u015fey bor\u00e7luyuz ve ondan \u00f6\u011frenece\u011fimiz o kadar \u00e7ok \u015fey var ki!<\/p>\n","protected":false},"excerpt":{"rendered":"[caption id=\"attachment_13599\" align=\"alignnone\" width=\"300\"]<img loading=\"lazy\" decoding=\"async\" class=\"size-medium wp-image-13599\" src=\"https:\/\/ikebanafusung.com\/wp-content\/uploads\/2024\/11\/ikebanaforkids_front_cover-1-300x300.jpg\" alt=\"\u00c7OCUK AKT\u0130V\u0130TE K\u0130TABI\" width=\"300\" height=\"300\" srcset=\"https:\/\/i0.wp.com\/ikebanafusung.com\/wp-content\/uploads\/2024\/11\/ikebanaforkids_front_cover-1.jpg?resize=300%2C300&amp;ssl=1 300w, https:\/\/i0.wp.com\/ikebanafusung.com\/wp-content\/uploads\/2024\/11\/ikebanaforkids_front_cover-1.jpg?resize=1024%2C1024&amp;ssl=1 1024w, https:\/\/i0.wp.com\/ikebanafusung.com\/wp-content\/uploads\/2024\/11\/ikebanaforkids_front_cover-1.jpg?resize=150%2C150&amp;ssl=1 150w, https:\/\/i0.wp.com\/ikebanafusung.com\/wp-content\/uploads\/2024\/11\/ikebanaforkids_front_cover-1.jpg?resize=768%2C768&amp;ssl=1 768w, https:\/\/i0.wp.com\/ikebanafusung.com\/wp-content\/uploads\/2024\/11\/ikebanaforkids_front_cover-1.jpg?resize=1536%2C1536&amp;ssl=1 1536w, https:\/\/i0.wp.com\/ikebanafusung.com\/wp-content\/uploads\/2024\/11\/ikebanaforkids_front_cover-1.jpg?resize=2048%2C2048&amp;ssl=1 2048w\" sizes=\"auto, (max-width: 300px) 100vw, 300px\" \/> i.k..000503 \u0130kebana For Kids<br \/>21&#215;21 cm.[\/caption]\n","protected":false},"featured_media":13599,"comment_status":"open","ping_status":"closed","template":"","meta":{"_coblocks_attr":"","_coblocks_dimensions":"","_coblocks_responsive_height":"","_coblocks_accordion_ie_support":"","_crdt_document":"","jetpack_publicize_message":"","jetpack_publicize_feature_enabled":true,"jetpack_social_post_already_shared":false,"jetpack_social_options":{"image_generator_settings":{"template":"highway","default_image_id":0,"font":"","enabled":false},"version":2},"_wpas_customize_per_network":false},"product_brand":[],"product_cat":[694938601],"product_tag":[694938668,694938665,694938666,694938574],"class_list":{"0":"post-13741","1":"product","2":"type-product","3":"status-publish","4":"has-post-thumbnail","6":"product_cat-kitap","7":"product_tag-cocuk-gelisim-kitabi","8":"product_tag-cocuk-kitabi","9":"product_tag-ingilizce-cocuk-kitabi","10":"product_tag-kitap","12":"first","13":"outofstock","14":"taxable","15":"shipping-taxable","16":"product-type-simple"},"yoast_head":"<!-- This site is optimized with the Yoast SEO plugin v27.4 - https:\/\/yoast.com\/product\/yoast-seo-wordpress\/ -->\n<title>\u00c7ocuk aktivite kitab\u0131. Ikebana For Kids<\/title>\n<meta name=\"description\" content=\"\u00c7ocuk aktivite kitab\u0131 .\u00c7ocuklarla \u0130kebana . \u00c7ocuk geli\u015fim aktivite kitab\u0131. Hobi kitab\u0131. Sanat kitab\u0131. \u00c7ocuklar i\u00e7in aktivite kitab\u0131\" \/>\n<meta name=\"robots\" content=\"index, follow, max-snippet:-1, max-image-preview:large, max-video-preview:-1\" \/>\n<link rel=\"canonical\" href=\"https:\/\/ikebanafusung.com\/?product=cocuk-aktivite-kitabi-ikebana-for-kids\" \/>\n<meta property=\"og:locale\" content=\"tr_TR\" \/>\n<meta property=\"og:type\" content=\"article\" \/>\n<meta property=\"og:title\" content=\"\u00c7ocuk aktivite kitab\u0131. Ikebana For Kids\" \/>\n<meta property=\"og:description\" content=\"\u00c7ocuk aktivite kitab\u0131 .\u00c7ocuklarla \u0130kebana . \u00c7ocuk geli\u015fim aktivite kitab\u0131. Hobi kitab\u0131. Sanat kitab\u0131. \u00c7ocuklar i\u00e7in aktivite kitab\u0131\" \/>\n<meta property=\"og:url\" content=\"https:\/\/ikebanafusung.com\/?product=cocuk-aktivite-kitabi-ikebana-for-kids\" \/>\n<meta property=\"og:site_name\" content=\"F\u00dcSUN\u2019UN G\u00d6Z\u00dcNDEN\" \/>\n<meta property=\"article:modified_time\" content=\"2025-01-27T10:27:52+00:00\" \/>\n<meta property=\"og:image\" content=\"https:\/\/ikebanafusung.com\/wp-content\/uploads\/2024\/11\/ikebanaforkids_front_cover-1-1024x1024.jpg\" \/>\n\t<meta property=\"og:image:width\" content=\"1024\" \/>\n\t<meta property=\"og:image:height\" content=\"1024\" \/>\n\t<meta property=\"og:image:type\" content=\"image\/jpeg\" \/>\n<meta name=\"twitter:card\" content=\"summary_large_image\" \/>\n<meta name=\"twitter:label1\" content=\"Tahmini okuma s\u00fcresi\" \/>\n\t<meta name=\"twitter:data1\" content=\"2 dakika\" \/>\n<script type=\"application\/ld+json\" class=\"yoast-schema-graph\">{\"@context\":\"https:\\\/\\\/schema.org\",\"@graph\":[{\"@type\":\"WebPage\",\"@id\":\"https:\\\/\\\/ikebanafusung.com\\\/?product=cocuk-aktivite-kitabi-ikebana-for-kids\",\"url\":\"https:\\\/\\\/ikebanafusung.com\\\/?product=cocuk-aktivite-kitabi-ikebana-for-kids\",\"name\":\"\u00c7ocuk aktivite kitab\u0131. Ikebana For Kids\",\"isPartOf\":{\"@id\":\"https:\\\/\\\/ikebanafusung.com\\\/#website\"},\"primaryImageOfPage\":{\"@id\":\"https:\\\/\\\/ikebanafusung.com\\\/?product=cocuk-aktivite-kitabi-ikebana-for-kids#primaryimage\"},\"image\":{\"@id\":\"https:\\\/\\\/ikebanafusung.com\\\/?product=cocuk-aktivite-kitabi-ikebana-for-kids#primaryimage\"},\"thumbnailUrl\":\"https:\\\/\\\/i0.wp.com\\\/ikebanafusung.com\\\/wp-content\\\/uploads\\\/2024\\\/11\\\/ikebanaforkids_front_cover-1.jpg?fit=2480%2C2480&ssl=1\",\"datePublished\":\"2024-11-10T16:18:04+00:00\",\"dateModified\":\"2025-01-27T10:27:52+00:00\",\"description\":\"\u00c7ocuk aktivite kitab\u0131 .\u00c7ocuklarla \u0130kebana . \u00c7ocuk geli\u015fim aktivite kitab\u0131. Hobi kitab\u0131. Sanat kitab\u0131. \u00c7ocuklar i\u00e7in aktivite kitab\u0131\",\"breadcrumb\":{\"@id\":\"https:\\\/\\\/ikebanafusung.com\\\/?product=cocuk-aktivite-kitabi-ikebana-for-kids#breadcrumb\"},\"inLanguage\":\"tr\",\"potentialAction\":[{\"@type\":\"ReadAction\",\"target\":[\"https:\\\/\\\/ikebanafusung.com\\\/?product=cocuk-aktivite-kitabi-ikebana-for-kids\"]}]},{\"@type\":\"ImageObject\",\"inLanguage\":\"tr\",\"@id\":\"https:\\\/\\\/ikebanafusung.com\\\/?product=cocuk-aktivite-kitabi-ikebana-for-kids#primaryimage\",\"url\":\"https:\\\/\\\/i0.wp.com\\\/ikebanafusung.com\\\/wp-content\\\/uploads\\\/2024\\\/11\\\/ikebanaforkids_front_cover-1.jpg?fit=2480%2C2480&ssl=1\",\"contentUrl\":\"https:\\\/\\\/i0.wp.com\\\/ikebanafusung.com\\\/wp-content\\\/uploads\\\/2024\\\/11\\\/ikebanaforkids_front_cover-1.jpg?fit=2480%2C2480&ssl=1\",\"width\":2480,\"height\":2480,\"caption\":\"\u0130kebana For Kids 21x21 cm.\"},{\"@type\":\"BreadcrumbList\",\"@id\":\"https:\\\/\\\/ikebanafusung.com\\\/?product=cocuk-aktivite-kitabi-ikebana-for-kids#breadcrumb\",\"itemListElement\":[{\"@type\":\"ListItem\",\"position\":1,\"name\":\"Home\",\"item\":\"https:\\\/\\\/ikebanafusung.com\\\/\"},{\"@type\":\"ListItem\",\"position\":2,\"name\":\"Ma\u011faza\",\"item\":\"https:\\\/\\\/ikebanafusung.com\\\/?page_id=13163\"},{\"@type\":\"ListItem\",\"position\":3,\"name\":\"Ikebana For Kids\"}]},{\"@type\":\"WebSite\",\"@id\":\"https:\\\/\\\/ikebanafusung.com\\\/#website\",\"url\":\"https:\\\/\\\/ikebanafusung.com\\\/\",\"name\":\"\u0130KEBANA\",\"description\":\"\u0130KEBANA - JAPON \u00c7\u0130\u00c7EK D\u00dcZENLEME SANATI\",\"publisher\":{\"@id\":\"https:\\\/\\\/ikebanafusung.com\\\/#\\\/schema\\\/person\\\/ec8fd779f7bc69c31d8e3038991a50f5\"},\"potentialAction\":[{\"@type\":\"SearchAction\",\"target\":{\"@type\":\"EntryPoint\",\"urlTemplate\":\"https:\\\/\\\/ikebanafusung.com\\\/?s={search_term_string}\"},\"query-input\":{\"@type\":\"PropertyValueSpecification\",\"valueRequired\":true,\"valueName\":\"search_term_string\"}}],\"inLanguage\":\"tr\"},{\"@type\":[\"Person\",\"Organization\"],\"@id\":\"https:\\\/\\\/ikebanafusung.com\\\/#\\\/schema\\\/person\\\/ec8fd779f7bc69c31d8e3038991a50f5\",\"name\":\"Inovasyon\",\"image\":{\"@type\":\"ImageObject\",\"inLanguage\":\"tr\",\"@id\":\"https:\\\/\\\/i0.wp.com\\\/ikebanafusung.com\\\/wp-content\\\/uploads\\\/2024\\\/11\\\/cropped-cropped-cropped-Depositphotos_264072518_XL-1.jpg?fit=6013%2C1752&ssl=1\",\"url\":\"https:\\\/\\\/i0.wp.com\\\/ikebanafusung.com\\\/wp-content\\\/uploads\\\/2024\\\/11\\\/cropped-cropped-cropped-Depositphotos_264072518_XL-1.jpg?fit=6013%2C1752&ssl=1\",\"contentUrl\":\"https:\\\/\\\/i0.wp.com\\\/ikebanafusung.com\\\/wp-content\\\/uploads\\\/2024\\\/11\\\/cropped-cropped-cropped-Depositphotos_264072518_XL-1.jpg?fit=6013%2C1752&ssl=1\",\"width\":6013,\"height\":1752,\"caption\":\"Inovasyon\"},\"logo\":{\"@id\":\"https:\\\/\\\/i0.wp.com\\\/ikebanafusung.com\\\/wp-content\\\/uploads\\\/2024\\\/11\\\/cropped-cropped-cropped-Depositphotos_264072518_XL-1.jpg?fit=6013%2C1752&ssl=1\"}}]}<\/script>\n<!-- \/ Yoast SEO plugin. -->","yoast_head_json":{"title":"\u00c7ocuk aktivite kitab\u0131. Ikebana For Kids","description":"\u00c7ocuk aktivite kitab\u0131 .\u00c7ocuklarla \u0130kebana . \u00c7ocuk geli\u015fim aktivite kitab\u0131. Hobi kitab\u0131. Sanat kitab\u0131. \u00c7ocuklar i\u00e7in aktivite kitab\u0131","robots":{"index":"index","follow":"follow","max-snippet":"max-snippet:-1","max-image-preview":"max-image-preview:large","max-video-preview":"max-video-preview:-1"},"canonical":"https:\/\/ikebanafusung.com\/?product=cocuk-aktivite-kitabi-ikebana-for-kids","og_locale":"tr_TR","og_type":"article","og_title":"\u00c7ocuk aktivite kitab\u0131. Ikebana For Kids","og_description":"\u00c7ocuk aktivite kitab\u0131 .\u00c7ocuklarla \u0130kebana . \u00c7ocuk geli\u015fim aktivite kitab\u0131. Hobi kitab\u0131. Sanat kitab\u0131. \u00c7ocuklar i\u00e7in aktivite kitab\u0131","og_url":"https:\/\/ikebanafusung.com\/?product=cocuk-aktivite-kitabi-ikebana-for-kids","og_site_name":"F\u00dcSUN\u2019UN G\u00d6Z\u00dcNDEN","article_modified_time":"2025-01-27T10:27:52+00:00","og_image":[{"width":1024,"height":1024,"url":"https:\/\/ikebanafusung.com\/wp-content\/uploads\/2024\/11\/ikebanaforkids_front_cover-1-1024x1024.jpg","type":"image\/jpeg"}],"twitter_card":"summary_large_image","twitter_misc":{"Tahmini okuma s\u00fcresi":"2 dakika"},"schema":{"@context":"https:\/\/schema.org","@graph":[{"@type":"WebPage","@id":"https:\/\/ikebanafusung.com\/?product=cocuk-aktivite-kitabi-ikebana-for-kids","url":"https:\/\/ikebanafusung.com\/?product=cocuk-aktivite-kitabi-ikebana-for-kids","name":"\u00c7ocuk aktivite kitab\u0131. Ikebana For Kids","isPartOf":{"@id":"https:\/\/ikebanafusung.com\/#website"},"primaryImageOfPage":{"@id":"https:\/\/ikebanafusung.com\/?product=cocuk-aktivite-kitabi-ikebana-for-kids#primaryimage"},"image":{"@id":"https:\/\/ikebanafusung.com\/?product=cocuk-aktivite-kitabi-ikebana-for-kids#primaryimage"},"thumbnailUrl":"https:\/\/i0.wp.com\/ikebanafusung.com\/wp-content\/uploads\/2024\/11\/ikebanaforkids_front_cover-1.jpg?fit=2480%2C2480&ssl=1","datePublished":"2024-11-10T16:18:04+00:00","dateModified":"2025-01-27T10:27:52+00:00","description":"\u00c7ocuk aktivite kitab\u0131 .\u00c7ocuklarla \u0130kebana . \u00c7ocuk geli\u015fim aktivite kitab\u0131. Hobi kitab\u0131. Sanat kitab\u0131. \u00c7ocuklar i\u00e7in aktivite kitab\u0131","breadcrumb":{"@id":"https:\/\/ikebanafusung.com\/?product=cocuk-aktivite-kitabi-ikebana-for-kids#breadcrumb"},"inLanguage":"tr","potentialAction":[{"@type":"ReadAction","target":["https:\/\/ikebanafusung.com\/?product=cocuk-aktivite-kitabi-ikebana-for-kids"]}]},{"@type":"ImageObject","inLanguage":"tr","@id":"https:\/\/ikebanafusung.com\/?product=cocuk-aktivite-kitabi-ikebana-for-kids#primaryimage","url":"https:\/\/i0.wp.com\/ikebanafusung.com\/wp-content\/uploads\/2024\/11\/ikebanaforkids_front_cover-1.jpg?fit=2480%2C2480&ssl=1","contentUrl":"https:\/\/i0.wp.com\/ikebanafusung.com\/wp-content\/uploads\/2024\/11\/ikebanaforkids_front_cover-1.jpg?fit=2480%2C2480&ssl=1","width":2480,"height":2480,"caption":"\u0130kebana For Kids 21x21 cm."},{"@type":"BreadcrumbList","@id":"https:\/\/ikebanafusung.com\/?product=cocuk-aktivite-kitabi-ikebana-for-kids#breadcrumb","itemListElement":[{"@type":"ListItem","position":1,"name":"Home","item":"https:\/\/ikebanafusung.com\/"},{"@type":"ListItem","position":2,"name":"Ma\u011faza","item":"https:\/\/ikebanafusung.com\/?page_id=13163"},{"@type":"ListItem","position":3,"name":"Ikebana For Kids"}]},{"@type":"WebSite","@id":"https:\/\/ikebanafusung.com\/#website","url":"https:\/\/ikebanafusung.com\/","name":"\u0130KEBANA","description":"\u0130KEBANA - JAPON \u00c7\u0130\u00c7EK D\u00dcZENLEME SANATI","publisher":{"@id":"https:\/\/ikebanafusung.com\/#\/schema\/person\/ec8fd779f7bc69c31d8e3038991a50f5"},"potentialAction":[{"@type":"SearchAction","target":{"@type":"EntryPoint","urlTemplate":"https:\/\/ikebanafusung.com\/?s={search_term_string}"},"query-input":{"@type":"PropertyValueSpecification","valueRequired":true,"valueName":"search_term_string"}}],"inLanguage":"tr"},{"@type":["Person","Organization"],"@id":"https:\/\/ikebanafusung.com\/#\/schema\/person\/ec8fd779f7bc69c31d8e3038991a50f5","name":"Inovasyon","image":{"@type":"ImageObject","inLanguage":"tr","@id":"https:\/\/i0.wp.com\/ikebanafusung.com\/wp-content\/uploads\/2024\/11\/cropped-cropped-cropped-Depositphotos_264072518_XL-1.jpg?fit=6013%2C1752&ssl=1","url":"https:\/\/i0.wp.com\/ikebanafusung.com\/wp-content\/uploads\/2024\/11\/cropped-cropped-cropped-Depositphotos_264072518_XL-1.jpg?fit=6013%2C1752&ssl=1","contentUrl":"https:\/\/i0.wp.com\/ikebanafusung.com\/wp-content\/uploads\/2024\/11\/cropped-cropped-cropped-Depositphotos_264072518_XL-1.jpg?fit=6013%2C1752&ssl=1","width":6013,"height":1752,"caption":"Inovasyon"},"logo":{"@id":"https:\/\/i0.wp.com\/ikebanafusung.com\/wp-content\/uploads\/2024\/11\/cropped-cropped-cropped-Depositphotos_264072518_XL-1.jpg?fit=6013%2C1752&ssl=1"}}]}},"jetpack_publicize_connections":[],"jetpack_likes_enabled":true,"jetpack_sharing_enabled":true,"jetpack-related-posts":[{"id":13738,"url":"https:\/\/ikebanafusung.com\/?product=cocuk-kitaplari-cocuklarla-ikebana","url_meta":{"origin":13741,"position":0},"title":"\u00c7ocuklarla \u0130kebana","author":"\u0130KEBANA","date":"Kas\u0131m 10, 2024","format":false,"excerpt":"\u00a0","rel":"","context":"Benzer yaz\u0131","block_context":{"text":"Benzer yaz\u0131","link":""},"img":{"alt_text":"Kitaplar. \u0130kebana kitab\u0131.","src":"https:\/\/i0.wp.com\/ikebanafusung.com\/wp-content\/uploads\/2024\/11\/VID_293051210_201959_299_Moment-2.jpg?fit=376%2C376&ssl=1&resize=350%2C200","width":350,"height":200},"classes":[]},{"id":13702,"url":"https:\/\/ikebanafusung.com\/?product=cicek-sepeti-ruya-gibi-gumus-seri-ev-dekorsyonu","url_meta":{"origin":13741,"position":1},"title":"R\u00fcya Gibi &#8212; G\u00fcm\u00fc\u015f seri ev dekorasyonu","author":"\u0130KEBANA","date":"Kas\u0131m 10, 2024","format":false,"excerpt":"\u00a0 Otantik seramik g\u00fcm\u00fc\u015f ayakl\u0131 vazoda k\u0131rm\u0131z\u0131 gri ebruli, gri, ye\u015fil yapay \u00e7i\u00e7ek tasar\u0131m\u0131","rel":"","context":"Benzer yaz\u0131","block_context":{"text":"Benzer yaz\u0131","link":""},"img":{"alt_text":"G\u00fcm\u00fc\u015f Seri ev dekorasyonu.","src":"https:\/\/i0.wp.com\/ikebanafusung.com\/wp-content\/uploads\/2024\/10\/20241018_154542.jpga_.jpg?fit=900%2C1200&ssl=1&resize=350%2C200","width":350,"height":200,"srcset":"https:\/\/i0.wp.com\/ikebanafusung.com\/wp-content\/uploads\/2024\/10\/20241018_154542.jpga_.jpg?fit=900%2C1200&ssl=1&resize=350%2C200 1x, https:\/\/i0.wp.com\/ikebanafusung.com\/wp-content\/uploads\/2024\/10\/20241018_154542.jpga_.jpg?fit=900%2C1200&ssl=1&resize=525%2C300 1.5x, https:\/\/i0.wp.com\/ikebanafusung.com\/wp-content\/uploads\/2024\/10\/20241018_154542.jpga_.jpg?fit=900%2C1200&ssl=1&resize=700%2C400 2x"},"classes":[]},{"id":13692,"url":"https:\/\/ikebanafusung.com\/?product=yaprak-yapraklarin-dansi-altin-seri-ev-dekorasyonu","url_meta":{"origin":13741,"position":2},"title":"Yapraklar\u0131n Dans\u0131-Alt\u0131n seri ev dekorasyonu","author":"\u0130KEBANA","date":"Kas\u0131m 10, 2024","format":false,"excerpt":"\u015eeffaf kristal tabakta alt\u0131n, ye\u015fil yapay \u00e7i\u00e7ek\u00a0tasar\u0131m\u0131 Ev dekorasyonu. Bohem tasar\u0131m","rel":"","context":"Benzer yaz\u0131","block_context":{"text":"Benzer yaz\u0131","link":""},"img":{"alt_text":"Bohem ev dekorasyonu.\u0130kebana stili yapay \u00e7i\u00e7ek asar\u0131m\u0131.Dekoratif \u00e7i\u00e7ek","src":"https:\/\/i0.wp.com\/ikebanafusung.com\/wp-content\/uploads\/2024\/11\/20241020_193741-4093079543-e1730600455990.jpg?fit=995%2C1200&ssl=1&resize=350%2C200","width":350,"height":200,"srcset":"https:\/\/i0.wp.com\/ikebanafusung.com\/wp-content\/uploads\/2024\/11\/20241020_193741-4093079543-e1730600455990.jpg?fit=995%2C1200&ssl=1&resize=350%2C200 1x, https:\/\/i0.wp.com\/ikebanafusung.com\/wp-content\/uploads\/2024\/11\/20241020_193741-4093079543-e1730600455990.jpg?fit=995%2C1200&ssl=1&resize=525%2C300 1.5x, https:\/\/i0.wp.com\/ikebanafusung.com\/wp-content\/uploads\/2024\/11\/20241020_193741-4093079543-e1730600455990.jpg?fit=995%2C1200&ssl=1&resize=700%2C400 2x"},"classes":[]},{"id":13619,"url":"https:\/\/ikebanafusung.com\/?product=ilham-kaynagim-altin-seri-ev-dekorasyonu-yapay-cicek-tasarim","url_meta":{"origin":13741,"position":3},"title":"\u0130lham Kayna\u011f\u0131m-Alt\u0131n seri ev dekorasyonu yapay \u00e7i\u00e7ek tasar\u0131m\u0131","author":"\u0130KEBANA","date":"Kas\u0131m 10, 2024","format":false,"excerpt":"i.k.000101-\u0130LHAM KAYNA\u011eIM 33x38 cm.-2599 tl Otantik gold vazoda alt\u0131n, pembe, mor, ye\u015fil alacal\u0131 yapay \u00e7i\u00e7ek tasar\u0131m\u0131 Ev dekorasyon \u00e7i\u00e7ekleri. Alt\u0131n seri. \u0130kebana stili yapay \u00e7i\u00e7ek tasar\u0131m\u0131. Dekoratif \u00e7i\u00e7ekler","rel":"","context":"Benzer yaz\u0131","block_context":{"text":"Benzer yaz\u0131","link":""},"img":{"alt_text":"Ev dekorasyonu-Alt\u0131n seri yapay \u00e7i\u00e7ek tasar\u0131m\u0131-\u0130kebana stili\u00a0dizayn. Bohem dekorasyon. Dekoratif \u00e7i\u00e7ekler","src":"https:\/\/i0.wp.com\/ikebanafusung.com\/wp-content\/uploads\/2024\/11\/20241103_181558.jpgzz_-1796181015-e1730718252171.jpg?fit=1200%2C1023&ssl=1&resize=350%2C200","width":350,"height":200,"srcset":"https:\/\/i0.wp.com\/ikebanafusung.com\/wp-content\/uploads\/2024\/11\/20241103_181558.jpgzz_-1796181015-e1730718252171.jpg?fit=1200%2C1023&ssl=1&resize=350%2C200 1x, https:\/\/i0.wp.com\/ikebanafusung.com\/wp-content\/uploads\/2024\/11\/20241103_181558.jpgzz_-1796181015-e1730718252171.jpg?fit=1200%2C1023&ssl=1&resize=525%2C300 1.5x, https:\/\/i0.wp.com\/ikebanafusung.com\/wp-content\/uploads\/2024\/11\/20241103_181558.jpgzz_-1796181015-e1730718252171.jpg?fit=1200%2C1023&ssl=1&resize=700%2C400 2x, https:\/\/i0.wp.com\/ikebanafusung.com\/wp-content\/uploads\/2024\/11\/20241103_181558.jpgzz_-1796181015-e1730718252171.jpg?fit=1200%2C1023&ssl=1&resize=1050%2C600 3x"},"classes":[]},{"id":13667,"url":"https:\/\/ikebanafusung.com\/?product=salon-cicegi-altin-seri-ev-dekorasyonu","url_meta":{"origin":13741,"position":4},"title":"Hat\u0131ralar-Alt\u0131n seri ev dekorasyonu","author":"\u0130KEBANA","date":"Kas\u0131m 10, 2024","format":false,"excerpt":"Otantik gold seramik vazoda alt\u0131n, ye\u015fil yapay \u00e7i\u00e7ek tasar\u0131m\u0131 Ev dekorasyonu-\u0130kebana stili yapay \u00e7i\u00e7ek tasar\u0131m\u0131. Dekoratif \u00e7i\u00e7ekler \u00a0","rel":"","context":"Benzer yaz\u0131","block_context":{"text":"Benzer yaz\u0131","link":""},"img":{"alt_text":"Ev dekorasyonu-salon \u00e7i\u00e7e\u011fi \u0130kebana stili yapay \u00e7i\u00e7ek tasar\u0131m\u0131. Dekoratif \u00e7i\u00e7ekler","src":"https:\/\/i0.wp.com\/ikebanafusung.com\/wp-content\/uploads\/2024\/10\/20241018_145925.jpga_-1610175504-e1730597263218.jpg?fit=1187%2C1200&ssl=1&resize=350%2C200","width":350,"height":200,"srcset":"https:\/\/i0.wp.com\/ikebanafusung.com\/wp-content\/uploads\/2024\/10\/20241018_145925.jpga_-1610175504-e1730597263218.jpg?fit=1187%2C1200&ssl=1&resize=350%2C200 1x, https:\/\/i0.wp.com\/ikebanafusung.com\/wp-content\/uploads\/2024\/10\/20241018_145925.jpga_-1610175504-e1730597263218.jpg?fit=1187%2C1200&ssl=1&resize=525%2C300 1.5x, https:\/\/i0.wp.com\/ikebanafusung.com\/wp-content\/uploads\/2024\/10\/20241018_145925.jpga_-1610175504-e1730597263218.jpg?fit=1187%2C1200&ssl=1&resize=700%2C400 2x, https:\/\/i0.wp.com\/ikebanafusung.com\/wp-content\/uploads\/2024\/10\/20241018_145925.jpga_-1610175504-e1730597263218.jpg?fit=1187%2C1200&ssl=1&resize=1050%2C600 3x"},"classes":[]},{"id":13662,"url":"https:\/\/ikebanafusung.com\/?product=yapay-cicek-yildiz-kumesi-altin-seri-ev-dekorasyonu","url_meta":{"origin":13741,"position":5},"title":"Y\u0131ld\u0131z K\u00fcmesi-Alt\u0131n seri ev dekorasyonu","author":"\u0130KEBANA","date":"Kas\u0131m 10, 2024","format":false,"excerpt":"\u00a0 Ayakl\u0131 seramik vazoda alt\u0131n, ye\u015fil yapay \u00e7i\u00e7ek tasar\u0131m\u0131 Yapay \u00e7i\u00e7ek-ev dekorasyonu-bohem tarz-ikebana stili \u00e7i\u00e7ek tasar\u0131m\u0131. dekoratif \u00e7i\u00e7ekler \u00a0","rel":"","context":"Benzer yaz\u0131","block_context":{"text":"Benzer yaz\u0131","link":""},"img":{"alt_text":"Yapay \u00e7i\u00e7ek-ev dekorasyonu-bohem tarz-ikebana stili \u00e7i\u00e7ek tasar\u0131m\u0131. dekoratif \u00e7i\u00e7ekler","src":"https:\/\/i0.wp.com\/ikebanafusung.com\/wp-content\/uploads\/2024\/10\/20241018_140734.jpgbb_-3906941971-e1730594422551.jpg?fit=871%2C1200&ssl=1&resize=350%2C200","width":350,"height":200,"srcset":"https:\/\/i0.wp.com\/ikebanafusung.com\/wp-content\/uploads\/2024\/10\/20241018_140734.jpgbb_-3906941971-e1730594422551.jpg?fit=871%2C1200&ssl=1&resize=350%2C200 1x, https:\/\/i0.wp.com\/ikebanafusung.com\/wp-content\/uploads\/2024\/10\/20241018_140734.jpgbb_-3906941971-e1730594422551.jpg?fit=871%2C1200&ssl=1&resize=525%2C300 1.5x, https:\/\/i0.wp.com\/ikebanafusung.com\/wp-content\/uploads\/2024\/10\/20241018_140734.jpgbb_-3906941971-e1730594422551.jpg?fit=871%2C1200&ssl=1&resize=700%2C400 2x"},"classes":[]}],"_links":{"self":[{"href":"https:\/\/ikebanafusung.com\/index.php?rest_route=\/wp\/v2\/product\/13741","targetHints":{"allow":["GET"]}}],"collection":[{"href":"https:\/\/ikebanafusung.com\/index.php?rest_route=\/wp\/v2\/product"}],"about":[{"href":"https:\/\/ikebanafusung.com\/index.php?rest_route=\/wp\/v2\/types\/product"}],"replies":[{"embeddable":true,"href":"https:\/\/ikebanafusung.com\/index.php?rest_route=%2Fwp%2Fv2%2Fcomments&post=13741"}],"wp:featuredmedia":[{"embeddable":true,"href":"https:\/\/ikebanafusung.com\/index.php?rest_route=\/wp\/v2\/media\/13599"}],"wp:attachment":[{"href":"https:\/\/ikebanafusung.com\/index.php?rest_route=%2Fwp%2Fv2%2Fmedia&parent=13741"}],"wp:term":[{"taxonomy":"product_brand","embeddable":true,"href":"https:\/\/ikebanafusung.com\/index.php?rest_route=%2Fwp%2Fv2%2Fproduct_brand&post=13741"},{"taxonomy":"product_cat","embeddable":true,"href":"https:\/\/ikebanafusung.com\/index.php?rest_route=%2Fwp%2Fv2%2Fproduct_cat&post=13741"},{"taxonomy":"product_tag","embeddable":true,"href":"https:\/\/ikebanafusung.com\/index.php?rest_route=%2Fwp%2Fv2%2Fproduct_tag&post=13741"}],"curies":[{"name":"wp","href":"https:\/\/api.w.org\/{rel}","templated":true}]}}