{"id":13721,"date":"2024-11-10T16:31:31","date_gmt":"2024-11-10T16:31:31","guid":{"rendered":"https:\/\/ikebanafusung.com\/?post_type=product&#038;p=13721"},"modified":"2025-01-10T02:05:44","modified_gmt":"2025-01-10T02:05:44","slug":"dekor-cicek-hayata-yelken-acan-cicekler-renkli-seri","status":"publish","type":"product","link":"https:\/\/ikebanafusung.com\/?product=dekor-cicek-hayata-yelken-acan-cicekler-renkli-seri","title":{"rendered":"Hayata Yelken A\u00e7an \u00c7i\u00e7ekler-Renkli seri ev dekorasyonu"},"content":{"rendered":"<div>\n<div>\n<div id=\"m_-7850423982756986861gmail-tab-description\" role=\"tabpanel\" aria-labelledby=\"tab-title-description\">\n<p>Dekor \u00e7i\u00e7ek. Ev dekorasyon \u00e7i\u00e7ekleri. Renkli seri yapay \u00e7i\u00e7ek tasar\u0131m\u0131 ile Bohem ev dekorasyonu. Dekoratif \u00e7i\u00e7ekler ile salon, mutfak, banyo, balkon, antre dekorasyonunuzu tamamlay\u0131n. Otantik mavi kay\u0131k tabaklarda sar\u0131, ye\u015fil, mor ikili yapay \u00e7i\u00e7ek tasar\u0131m\u0131 ruhunuza sevin\u00e7 kats\u0131n. Renklerin uyumu, dokusu ve armonisi ve \u0130kebana sanat\u0131n\u0131n d\u00fc\u015f\u00fcnd\u00fcrd\u00fckleri ile \u00e7i\u00e7eklerin varl\u0131\u011f\u0131n\u0131 kutluyorum.<\/p>\n<p>Evinizin dekorasyonunda her odan\u0131za uygun aranjman bulabilirsiniz ayr\u0131ca e\u015finize, dostunuza ev hediyesi, do\u011fum g\u00fcn\u00fc hediyesi olarak verebilirsiniz. Renkli seri ev dekorasyonu yapay \u00e7i\u00e7ek tasar\u0131mlar\u0131 gibi bohem tarz\u0131 ev dekorasyonu \u00fcr\u00fcnlerim butik \u00fcr\u00fcnd\u00fcr ve birer tanedir, ayr\u0131ca tasar\u0131m, Japon \u00e7i\u00e7ek d\u00fczenleme sanat\u0131n\u0131n minimalist etkisi ile \u2018az \u00e7oktur ilkesi\u2019ne dayanmaktad\u0131r. Dekor \u00e7i\u00e7ek evinize tarz katar.<\/p>\n<p>Tasar\u0131mdaki stil ikebana nedir? \u0130kebana, kelime anlam\u0131 ile Japon \u00c7i\u00e7ek D\u00fczenleme Sanat\u0131d\u0131r ve di\u011fer \u00e7i\u00e7ek d\u00fczenlemelerinden fark\u0131 bir felsefesi ve tekni\u011fi olmas\u0131d\u0131r. Duygular\u0131m\u0131z\u0131 \u00e7i\u00e7eklerle ifade etme bi\u00e7imidir. Bunun i\u00e7in\u00a0i\u00e7 sesimizin bize s\u00f6ylediklerini dinlemeyi deneyimler ve hissettiklerimizi \u00e7i\u00e7eklerimize yans\u0131t\u0131r\u0131z. Her ikebana tasar\u0131m\u0131n\u0131n bir mesaj\u0131 vard\u0131r. \u0130kebana stili yapay \u00e7i\u00e7ek tasar\u0131mlar\u0131nda \u00e7i\u00e7eklerimize anlamlar y\u00fckleriz, \u00f6rne\u011fin tomurcuklar gelece\u011fi, umutlar\u0131m\u0131z\u0131 simgeler.<\/p>\n<p>\u0130kebana sanat\u0131n\u0131n \u00f6z\u00fc ya\u015fam\u0131 oldu\u011fu gibi kabul etmek, kusurluyu kucaklamak ve g\u00f6r\u00fcnenin arkas\u0131ndaki g\u00f6r\u00fcnmeyeni g\u00f6rmektir. Bu vesile ile ya\u015fam\u0131 \u00e7i\u00e7eklerle kutlarken sahip olduklar\u0131m\u0131za \u015f\u00fckretmektir. Japon \u00c7i\u00e7ek D\u00fczenleme Sanat\u0131 \u00e7i\u00e7eklerin g\u00fczelli\u011finde kendi i\u00e7 g\u00fczelli\u011fimizi ke\u015ffetme yolculu\u011fudur. Do\u011fadaki denge ve d\u00fczenden ilham alan ikebana ile kendi zihin-ruh-beden dengemizi kurabilir ve Dallar\u0131 e\u011fip b\u00fckmeyi \u00f6\u011frenirken kendimizi de \u015fekillendirebiliriz.<\/p>\n<p>Geleneksel ikebanada do\u011fal \u00e7i\u00e7ekler, yapraklar v.s ile kullan\u0131r\u0131z, ancak modern ikebanaya yapay \u00e7i\u00e7ek dahil edebiliriz.. \u0130kebanan\u0131n tarih\u00e7esi 7.yy. uzanmaktad\u0131r. \u0130kebanan\u0131n temelinde Japon estetik anlay\u0131\u015f\u0131 vard\u0131r ve Zen Budizmin etkileri g\u00f6r\u00fcl\u00fcr. Do\u011fadaki denge, d\u00fczen ve ahenkten ilham alm\u0131\u015ft\u0131r ve odak noktas\u0131 insand\u0131r. Ki\u015fisel geli\u015fim yollar\u0131ndan biridir ve \u0130kebana yapan ki\u015fi terapiye girmi\u015fcesine rahatlar.<\/p>\n<p>\u00d6zg\u00fcn ev dekorasyon \u00e7i\u00e7ekleri-G\u00f6n\u00fcl g\u00f6z\u00fc ile g\u00f6rd\u00fc\u011f\u00fcm \u00e7i\u00e7eklerden huzur ve mutluluk enerjisinin y\u00fcre\u011finize akmas\u0131 dile\u011fiyle. Sevgi ve \u00e7i\u00e7ekle kal\u0131n.<\/p>\n<\/div>\n<\/div>\n<\/div>\n<div><\/div>\n","protected":false},"excerpt":{"rendered":"[caption id=\"attachment_13546\" align=\"alignleft\" width=\"267\"]<img loading=\"lazy\" decoding=\"async\" class=\"size-medium wp-image-13546\" src=\"https:\/\/ikebanafusung.com\/wp-content\/uploads\/2024\/11\/20241018_154848.jpga_-3245776106-e1730586216919-267x300.jpg\" alt=\"Renkli Seri\" width=\"267\" height=\"300\" \/> i.k.000405 Hayata Yelken A\u00e7an \u00c7i\u00e7ekler<br \/>K\u00fc\u00e7\u00fck kay\u0131k 20x30cm B\u00fcy\u00fck kay\u0131k 23&#215;37 cm\u00a0 \u00a0 \u00a02450 tl[\/caption]\n<p>&nbsp;<\/p>\n<p>&nbsp;<\/p>\n<p>&nbsp;<\/p>\n<p>&nbsp;<\/p>\n<p>&nbsp;<\/p>\n<p>&nbsp;<\/p>\n<p>&nbsp;<\/p>\n<p>&nbsp;<\/p>\n<p>&nbsp;<\/p>\n<p>&nbsp;<\/p>\n<p>Otantik mavi kay\u0131k tabaklarda sar\u0131, ye\u015fil, mor ikili yapay \u00e7i\u00e7ek tasar\u0131m<\/p>\n<p>&nbsp;<\/p>\n<p>&nbsp;<\/p>\n<p>&nbsp;<\/p>\n<p>&nbsp;<\/p>\n<p>&nbsp;<\/p>\n<p>&nbsp;<\/p>\n","protected":false},"featured_media":13546,"comment_status":"open","ping_status":"closed","template":"","meta":{"_coblocks_attr":"","_coblocks_dimensions":"","_coblocks_responsive_height":"","_coblocks_accordion_ie_support":"","_crdt_document":"","jetpack_post_was_ever_published":false,"jetpack_publicize_message":"","jetpack_publicize_feature_enabled":true,"jetpack_social_post_already_shared":false,"jetpack_social_options":{"image_generator_settings":{"template":"highway","default_image_id":0,"font":"","enabled":false},"version":2},"_wpas_customize_per_network":false},"product_brand":[],"product_cat":[694938627],"product_tag":[694938512,694938642,694938633,694938462,694938544],"class_list":{"0":"post-13721","1":"product","2":"type-product","3":"status-publish","4":"has-post-thumbnail","6":"product_cat-renkli-seri-yapay-cicek-ev-dekorasyonu","7":"product_tag-cicek","8":"product_tag-dekoratif-cicek","9":"product_tag-ev-dekorasyonu","10":"product_tag-yapay-cicek","11":"product_tag-yapay-cicek-tasarimi","13":"first","14":"instock","15":"taxable","16":"shipping-taxable","17":"purchasable","18":"product-type-simple"},"yoast_head":"<!-- This site is optimized with the Yoast SEO plugin v27.3 - https:\/\/yoast.com\/product\/yoast-seo-wordpress\/ -->\n<title>Dekor \u00e7i\u00e7ek. Hayata Yelken A\u00e7an \u00c7i\u00e7ekler-Renkli seri<\/title>\n<meta name=\"description\" content=\"Dekor \u00e7i\u00e7ek. Hayata Yelken A\u00e7an \u00c7i\u00e7ekler-Renkli seri ev dekorasyonu. \u0130kebana stili yapay \u00e7i\u00e7ek tasar\u0131m\u0131. Bohem ev dekorasyonu. Dekoratif \u00e7i\u00e7ek.\" \/>\n<meta name=\"robots\" content=\"index, follow, max-snippet:-1, max-image-preview:large, max-video-preview:-1\" \/>\n<link rel=\"canonical\" href=\"https:\/\/ikebanafusung.com\/?product=dekor-cicek-hayata-yelken-acan-cicekler-renkli-seri\" \/>\n<meta property=\"og:locale\" content=\"tr_TR\" \/>\n<meta property=\"og:type\" content=\"article\" \/>\n<meta property=\"og:title\" content=\"Dekor \u00e7i\u00e7ek. Hayata Yelken A\u00e7an \u00c7i\u00e7ekler-Renkli seri\" \/>\n<meta property=\"og:description\" content=\"Dekor \u00e7i\u00e7ek. Hayata Yelken A\u00e7an \u00c7i\u00e7ekler-Renkli seri ev dekorasyonu. \u0130kebana stili yapay \u00e7i\u00e7ek tasar\u0131m\u0131. Bohem ev dekorasyonu. Dekoratif \u00e7i\u00e7ek.\" \/>\n<meta property=\"og:url\" content=\"https:\/\/ikebanafusung.com\/?product=dekor-cicek-hayata-yelken-acan-cicekler-renkli-seri\" \/>\n<meta property=\"og:site_name\" content=\"F\u00dcSUN\u2019UN G\u00d6Z\u00dcNDEN\" \/>\n<meta property=\"article:modified_time\" content=\"2025-01-10T02:05:44+00:00\" \/>\n<meta property=\"og:image\" content=\"https:\/\/ikebanafusung.com\/wp-content\/uploads\/2024\/11\/20241018_154848.jpga_-3245776106-e1730586216919.jpg\" \/>\n\t<meta property=\"og:image:width\" content=\"912\" \/>\n\t<meta property=\"og:image:height\" content=\"1024\" \/>\n\t<meta property=\"og:image:type\" content=\"image\/jpeg\" \/>\n<meta name=\"twitter:card\" content=\"summary_large_image\" \/>\n<meta name=\"twitter:label1\" content=\"Tahmini okuma s\u00fcresi\" \/>\n\t<meta name=\"twitter:data1\" content=\"2 dakika\" \/>\n<script type=\"application\/ld+json\" class=\"yoast-schema-graph\">{\"@context\":\"https:\\\/\\\/schema.org\",\"@graph\":[{\"@type\":\"WebPage\",\"@id\":\"https:\\\/\\\/ikebanafusung.com\\\/?product=dekor-cicek-hayata-yelken-acan-cicekler-renkli-seri\",\"url\":\"https:\\\/\\\/ikebanafusung.com\\\/?product=dekor-cicek-hayata-yelken-acan-cicekler-renkli-seri\",\"name\":\"Dekor \u00e7i\u00e7ek. Hayata Yelken A\u00e7an \u00c7i\u00e7ekler-Renkli seri\",\"isPartOf\":{\"@id\":\"https:\\\/\\\/ikebanafusung.com\\\/#website\"},\"primaryImageOfPage\":{\"@id\":\"https:\\\/\\\/ikebanafusung.com\\\/?product=dekor-cicek-hayata-yelken-acan-cicekler-renkli-seri#primaryimage\"},\"image\":{\"@id\":\"https:\\\/\\\/ikebanafusung.com\\\/?product=dekor-cicek-hayata-yelken-acan-cicekler-renkli-seri#primaryimage\"},\"thumbnailUrl\":\"https:\\\/\\\/i0.wp.com\\\/ikebanafusung.com\\\/wp-content\\\/uploads\\\/2024\\\/11\\\/20241018_154848.jpga_-3245776106-e1730586216919.jpg?fit=3060%2C3434&ssl=1\",\"datePublished\":\"2024-11-10T16:31:31+00:00\",\"dateModified\":\"2025-01-10T02:05:44+00:00\",\"description\":\"Dekor \u00e7i\u00e7ek. Hayata Yelken A\u00e7an \u00c7i\u00e7ekler-Renkli seri ev dekorasyonu. \u0130kebana stili yapay \u00e7i\u00e7ek tasar\u0131m\u0131. Bohem ev dekorasyonu. Dekoratif \u00e7i\u00e7ek.\",\"breadcrumb\":{\"@id\":\"https:\\\/\\\/ikebanafusung.com\\\/?product=dekor-cicek-hayata-yelken-acan-cicekler-renkli-seri#breadcrumb\"},\"inLanguage\":\"tr\",\"potentialAction\":[{\"@type\":\"ReadAction\",\"target\":[\"https:\\\/\\\/ikebanafusung.com\\\/?product=dekor-cicek-hayata-yelken-acan-cicekler-renkli-seri\"]}]},{\"@type\":\"ImageObject\",\"inLanguage\":\"tr\",\"@id\":\"https:\\\/\\\/ikebanafusung.com\\\/?product=dekor-cicek-hayata-yelken-acan-cicekler-renkli-seri#primaryimage\",\"url\":\"https:\\\/\\\/i0.wp.com\\\/ikebanafusung.com\\\/wp-content\\\/uploads\\\/2024\\\/11\\\/20241018_154848.jpga_-3245776106-e1730586216919.jpg?fit=3060%2C3434&ssl=1\",\"contentUrl\":\"https:\\\/\\\/i0.wp.com\\\/ikebanafusung.com\\\/wp-content\\\/uploads\\\/2024\\\/11\\\/20241018_154848.jpga_-3245776106-e1730586216919.jpg?fit=3060%2C3434&ssl=1\",\"width\":3060,\"height\":3434,\"caption\":\"Hayata Yelken A\u00e7an \u00c7i\u00e7ekler K\u00fc\u00e7\u00fck kay\u0131k 20x30cm B\u00fcy\u00fck kay\u0131k 23x37 cm 2450 tl\"},{\"@type\":\"BreadcrumbList\",\"@id\":\"https:\\\/\\\/ikebanafusung.com\\\/?product=dekor-cicek-hayata-yelken-acan-cicekler-renkli-seri#breadcrumb\",\"itemListElement\":[{\"@type\":\"ListItem\",\"position\":1,\"name\":\"Home\",\"item\":\"https:\\\/\\\/ikebanafusung.com\\\/\"},{\"@type\":\"ListItem\",\"position\":2,\"name\":\"Ma\u011faza\",\"item\":\"https:\\\/\\\/ikebanafusung.com\\\/?page_id=13163\"},{\"@type\":\"ListItem\",\"position\":3,\"name\":\"Hayata Yelken A\u00e7an \u00c7i\u00e7ekler-Renkli seri ev dekorasyonu\"}]},{\"@type\":\"WebSite\",\"@id\":\"https:\\\/\\\/ikebanafusung.com\\\/#website\",\"url\":\"https:\\\/\\\/ikebanafusung.com\\\/\",\"name\":\"\u0130KEBANA\",\"description\":\"\u0130KEBANA - JAPON \u00c7\u0130\u00c7EK D\u00dcZENLEME SANATI\",\"publisher\":{\"@id\":\"https:\\\/\\\/ikebanafusung.com\\\/#\\\/schema\\\/person\\\/ec8fd779f7bc69c31d8e3038991a50f5\"},\"potentialAction\":[{\"@type\":\"SearchAction\",\"target\":{\"@type\":\"EntryPoint\",\"urlTemplate\":\"https:\\\/\\\/ikebanafusung.com\\\/?s={search_term_string}\"},\"query-input\":{\"@type\":\"PropertyValueSpecification\",\"valueRequired\":true,\"valueName\":\"search_term_string\"}}],\"inLanguage\":\"tr\"},{\"@type\":[\"Person\",\"Organization\"],\"@id\":\"https:\\\/\\\/ikebanafusung.com\\\/#\\\/schema\\\/person\\\/ec8fd779f7bc69c31d8e3038991a50f5\",\"name\":\"Inovasyon\",\"image\":{\"@type\":\"ImageObject\",\"inLanguage\":\"tr\",\"@id\":\"https:\\\/\\\/i0.wp.com\\\/ikebanafusung.com\\\/wp-content\\\/uploads\\\/2024\\\/11\\\/cropped-cropped-cropped-Depositphotos_264072518_XL-1.jpg?fit=6013%2C1752&ssl=1\",\"url\":\"https:\\\/\\\/i0.wp.com\\\/ikebanafusung.com\\\/wp-content\\\/uploads\\\/2024\\\/11\\\/cropped-cropped-cropped-Depositphotos_264072518_XL-1.jpg?fit=6013%2C1752&ssl=1\",\"contentUrl\":\"https:\\\/\\\/i0.wp.com\\\/ikebanafusung.com\\\/wp-content\\\/uploads\\\/2024\\\/11\\\/cropped-cropped-cropped-Depositphotos_264072518_XL-1.jpg?fit=6013%2C1752&ssl=1\",\"width\":6013,\"height\":1752,\"caption\":\"Inovasyon\"},\"logo\":{\"@id\":\"https:\\\/\\\/i0.wp.com\\\/ikebanafusung.com\\\/wp-content\\\/uploads\\\/2024\\\/11\\\/cropped-cropped-cropped-Depositphotos_264072518_XL-1.jpg?fit=6013%2C1752&ssl=1\"}}]}<\/script>\n<!-- \/ Yoast SEO plugin. -->","yoast_head_json":{"title":"Dekor \u00e7i\u00e7ek. Hayata Yelken A\u00e7an \u00c7i\u00e7ekler-Renkli seri","description":"Dekor \u00e7i\u00e7ek. Hayata Yelken A\u00e7an \u00c7i\u00e7ekler-Renkli seri ev dekorasyonu. \u0130kebana stili yapay \u00e7i\u00e7ek tasar\u0131m\u0131. Bohem ev dekorasyonu. Dekoratif \u00e7i\u00e7ek.","robots":{"index":"index","follow":"follow","max-snippet":"max-snippet:-1","max-image-preview":"max-image-preview:large","max-video-preview":"max-video-preview:-1"},"canonical":"https:\/\/ikebanafusung.com\/?product=dekor-cicek-hayata-yelken-acan-cicekler-renkli-seri","og_locale":"tr_TR","og_type":"article","og_title":"Dekor \u00e7i\u00e7ek. Hayata Yelken A\u00e7an \u00c7i\u00e7ekler-Renkli seri","og_description":"Dekor \u00e7i\u00e7ek. Hayata Yelken A\u00e7an \u00c7i\u00e7ekler-Renkli seri ev dekorasyonu. \u0130kebana stili yapay \u00e7i\u00e7ek tasar\u0131m\u0131. Bohem ev dekorasyonu. Dekoratif \u00e7i\u00e7ek.","og_url":"https:\/\/ikebanafusung.com\/?product=dekor-cicek-hayata-yelken-acan-cicekler-renkli-seri","og_site_name":"F\u00dcSUN\u2019UN G\u00d6Z\u00dcNDEN","article_modified_time":"2025-01-10T02:05:44+00:00","og_image":[{"url":"https:\/\/ikebanafusung.com\/wp-content\/uploads\/2024\/11\/20241018_154848.jpga_-3245776106-e1730586216919.jpg","width":912,"height":1024,"type":"image\/jpeg"}],"twitter_card":"summary_large_image","twitter_misc":{"Tahmini okuma s\u00fcresi":"2 dakika"},"schema":{"@context":"https:\/\/schema.org","@graph":[{"@type":"WebPage","@id":"https:\/\/ikebanafusung.com\/?product=dekor-cicek-hayata-yelken-acan-cicekler-renkli-seri","url":"https:\/\/ikebanafusung.com\/?product=dekor-cicek-hayata-yelken-acan-cicekler-renkli-seri","name":"Dekor \u00e7i\u00e7ek. Hayata Yelken A\u00e7an \u00c7i\u00e7ekler-Renkli seri","isPartOf":{"@id":"https:\/\/ikebanafusung.com\/#website"},"primaryImageOfPage":{"@id":"https:\/\/ikebanafusung.com\/?product=dekor-cicek-hayata-yelken-acan-cicekler-renkli-seri#primaryimage"},"image":{"@id":"https:\/\/ikebanafusung.com\/?product=dekor-cicek-hayata-yelken-acan-cicekler-renkli-seri#primaryimage"},"thumbnailUrl":"https:\/\/i0.wp.com\/ikebanafusung.com\/wp-content\/uploads\/2024\/11\/20241018_154848.jpga_-3245776106-e1730586216919.jpg?fit=3060%2C3434&ssl=1","datePublished":"2024-11-10T16:31:31+00:00","dateModified":"2025-01-10T02:05:44+00:00","description":"Dekor \u00e7i\u00e7ek. Hayata Yelken A\u00e7an \u00c7i\u00e7ekler-Renkli seri ev dekorasyonu. \u0130kebana stili yapay \u00e7i\u00e7ek tasar\u0131m\u0131. Bohem ev dekorasyonu. Dekoratif \u00e7i\u00e7ek.","breadcrumb":{"@id":"https:\/\/ikebanafusung.com\/?product=dekor-cicek-hayata-yelken-acan-cicekler-renkli-seri#breadcrumb"},"inLanguage":"tr","potentialAction":[{"@type":"ReadAction","target":["https:\/\/ikebanafusung.com\/?product=dekor-cicek-hayata-yelken-acan-cicekler-renkli-seri"]}]},{"@type":"ImageObject","inLanguage":"tr","@id":"https:\/\/ikebanafusung.com\/?product=dekor-cicek-hayata-yelken-acan-cicekler-renkli-seri#primaryimage","url":"https:\/\/i0.wp.com\/ikebanafusung.com\/wp-content\/uploads\/2024\/11\/20241018_154848.jpga_-3245776106-e1730586216919.jpg?fit=3060%2C3434&ssl=1","contentUrl":"https:\/\/i0.wp.com\/ikebanafusung.com\/wp-content\/uploads\/2024\/11\/20241018_154848.jpga_-3245776106-e1730586216919.jpg?fit=3060%2C3434&ssl=1","width":3060,"height":3434,"caption":"Hayata Yelken A\u00e7an \u00c7i\u00e7ekler K\u00fc\u00e7\u00fck kay\u0131k 20x30cm B\u00fcy\u00fck kay\u0131k 23x37 cm 2450 tl"},{"@type":"BreadcrumbList","@id":"https:\/\/ikebanafusung.com\/?product=dekor-cicek-hayata-yelken-acan-cicekler-renkli-seri#breadcrumb","itemListElement":[{"@type":"ListItem","position":1,"name":"Home","item":"https:\/\/ikebanafusung.com\/"},{"@type":"ListItem","position":2,"name":"Ma\u011faza","item":"https:\/\/ikebanafusung.com\/?page_id=13163"},{"@type":"ListItem","position":3,"name":"Hayata Yelken A\u00e7an \u00c7i\u00e7ekler-Renkli seri ev dekorasyonu"}]},{"@type":"WebSite","@id":"https:\/\/ikebanafusung.com\/#website","url":"https:\/\/ikebanafusung.com\/","name":"\u0130KEBANA","description":"\u0130KEBANA - JAPON \u00c7\u0130\u00c7EK D\u00dcZENLEME SANATI","publisher":{"@id":"https:\/\/ikebanafusung.com\/#\/schema\/person\/ec8fd779f7bc69c31d8e3038991a50f5"},"potentialAction":[{"@type":"SearchAction","target":{"@type":"EntryPoint","urlTemplate":"https:\/\/ikebanafusung.com\/?s={search_term_string}"},"query-input":{"@type":"PropertyValueSpecification","valueRequired":true,"valueName":"search_term_string"}}],"inLanguage":"tr"},{"@type":["Person","Organization"],"@id":"https:\/\/ikebanafusung.com\/#\/schema\/person\/ec8fd779f7bc69c31d8e3038991a50f5","name":"Inovasyon","image":{"@type":"ImageObject","inLanguage":"tr","@id":"https:\/\/i0.wp.com\/ikebanafusung.com\/wp-content\/uploads\/2024\/11\/cropped-cropped-cropped-Depositphotos_264072518_XL-1.jpg?fit=6013%2C1752&ssl=1","url":"https:\/\/i0.wp.com\/ikebanafusung.com\/wp-content\/uploads\/2024\/11\/cropped-cropped-cropped-Depositphotos_264072518_XL-1.jpg?fit=6013%2C1752&ssl=1","contentUrl":"https:\/\/i0.wp.com\/ikebanafusung.com\/wp-content\/uploads\/2024\/11\/cropped-cropped-cropped-Depositphotos_264072518_XL-1.jpg?fit=6013%2C1752&ssl=1","width":6013,"height":1752,"caption":"Inovasyon"},"logo":{"@id":"https:\/\/i0.wp.com\/ikebanafusung.com\/wp-content\/uploads\/2024\/11\/cropped-cropped-cropped-Depositphotos_264072518_XL-1.jpg?fit=6013%2C1752&ssl=1"}}]}},"jetpack_publicize_connections":[],"jetpack_likes_enabled":true,"jetpack_sharing_enabled":true,"jetpack-related-posts":[{"id":13711,"url":"https:\/\/ikebanafusung.com\/?product=dugun-cicegi-gelin-ile-damat-renkli-seri-ev-dekorasyonu","url_meta":{"origin":13721,"position":0},"title":"Gelin ile Damat-Renkli seri ev dekorasyonu","author":"\u0130KEBANA","date":"Kas\u0131m 10, 2024","format":false,"excerpt":"\u0130kili set. Beyaz, sar\u0131, mor, ye\u015fil yapay \u00e7i\u00e7ek tasar\u0131m\u0131 \u00a0","rel":"","context":"Benzer yaz\u0131","block_context":{"text":"Benzer yaz\u0131","link":""},"img":{"alt_text":"Renkli Seri ev dekorasyonu.Yapay \u00e7i\u00e7ek tasar\u0131m\u0131","src":"https:\/\/i0.wp.com\/ikebanafusung.com\/wp-content\/uploads\/2024\/10\/20241018_143955.jpgzz_-1080717604-e1730595616707.jpg?fit=985%2C1200&ssl=1&resize=350%2C200","width":350,"height":200,"srcset":"https:\/\/i0.wp.com\/ikebanafusung.com\/wp-content\/uploads\/2024\/10\/20241018_143955.jpgzz_-1080717604-e1730595616707.jpg?fit=985%2C1200&ssl=1&resize=350%2C200 1x, https:\/\/i0.wp.com\/ikebanafusung.com\/wp-content\/uploads\/2024\/10\/20241018_143955.jpgzz_-1080717604-e1730595616707.jpg?fit=985%2C1200&ssl=1&resize=525%2C300 1.5x, https:\/\/i0.wp.com\/ikebanafusung.com\/wp-content\/uploads\/2024\/10\/20241018_143955.jpgzz_-1080717604-e1730595616707.jpg?fit=985%2C1200&ssl=1&resize=700%2C400 2x"},"classes":[]},{"id":13717,"url":"https:\/\/ikebanafusung.com\/?product=buket-cicek-basimin-taci-renkli-seri-ev-dekorasyonu","url_meta":{"origin":13721,"position":1},"title":"Ba\u015f\u0131m\u0131n Tac\u0131-Renkli seri ev dekorasyonu","author":"\u0130KEBANA","date":"Kas\u0131m 10, 2024","format":false,"excerpt":"Gri mavi seramik otantik vazoda sar\u0131, turuncu ebruli, ye\u015fil yapay \u00e7i\u00e7ek tasar\u0131m\u0131 \u00a0","rel":"","context":"Benzer yaz\u0131","block_context":{"text":"Benzer yaz\u0131","link":""},"img":{"alt_text":"Renkli Seri ev dekorasyonu","src":"https:\/\/i0.wp.com\/ikebanafusung.com\/wp-content\/uploads\/2024\/10\/20241018_150126.jpgzzzzz.jpg?fit=900%2C1200&ssl=1&resize=350%2C200","width":350,"height":200,"srcset":"https:\/\/i0.wp.com\/ikebanafusung.com\/wp-content\/uploads\/2024\/10\/20241018_150126.jpgzzzzz.jpg?fit=900%2C1200&ssl=1&resize=350%2C200 1x, https:\/\/i0.wp.com\/ikebanafusung.com\/wp-content\/uploads\/2024\/10\/20241018_150126.jpgzzzzz.jpg?fit=900%2C1200&ssl=1&resize=525%2C300 1.5x, https:\/\/i0.wp.com\/ikebanafusung.com\/wp-content\/uploads\/2024\/10\/20241018_150126.jpgzzzzz.jpg?fit=900%2C1200&ssl=1&resize=700%2C400 2x"},"classes":[]},{"id":13698,"url":"https:\/\/ikebanafusung.com\/?product=dekor-cicek-festival-altin-seri-ev-dekorasyonu","url_meta":{"origin":13721,"position":2},"title":"Festival- Alt\u0131n seri","author":"\u0130KEBANA","date":"Kas\u0131m 10, 2024","format":false,"excerpt":"\u00a0 \u00a0 Otantik gold vazoda alt\u0131n, ye\u015fil yapay \u00e7i\u00e7ek tasar\u0131m\u0131","rel":"","context":"Benzer yaz\u0131","block_context":{"text":"Benzer yaz\u0131","link":""},"img":{"alt_text":"Ev dekorasyonu","src":"https:\/\/i0.wp.com\/ikebanafusung.com\/wp-content\/uploads\/2024\/11\/20241018_155656.jpg?fit=1117%2C1200&ssl=1&resize=350%2C200","width":350,"height":200,"srcset":"https:\/\/i0.wp.com\/ikebanafusung.com\/wp-content\/uploads\/2024\/11\/20241018_155656.jpg?fit=1117%2C1200&ssl=1&resize=350%2C200 1x, https:\/\/i0.wp.com\/ikebanafusung.com\/wp-content\/uploads\/2024\/11\/20241018_155656.jpg?fit=1117%2C1200&ssl=1&resize=525%2C300 1.5x, https:\/\/i0.wp.com\/ikebanafusung.com\/wp-content\/uploads\/2024\/11\/20241018_155656.jpg?fit=1117%2C1200&ssl=1&resize=700%2C400 2x, https:\/\/i0.wp.com\/ikebanafusung.com\/wp-content\/uploads\/2024\/11\/20241018_155656.jpg?fit=1117%2C1200&ssl=1&resize=1050%2C600 3x"},"classes":[]},{"id":13719,"url":"https:\/\/ikebanafusung.com\/?product=bahar-cicegi-bahar-esintisi-renkli-seri-ev-dekorasyonu","url_meta":{"origin":13721,"position":3},"title":"Bahar Esintisi-Renkli seri ev dekorasyonu","author":"\u0130KEBANA","date":"Kas\u0131m 10, 2024","format":false,"excerpt":"Siyah beyaz seramik saks\u0131da beyaz, ye\u015fil yapay \u00e7i\u00e7ek tasar\u0131m\u0131 \u00a0","rel":"","context":"Benzer yaz\u0131","block_context":{"text":"Benzer yaz\u0131","link":""},"img":{"alt_text":"Renkli Seri","src":"https:\/\/i0.wp.com\/ikebanafusung.com\/wp-content\/uploads\/2024\/11\/20241018_154739.jpgzzzz-2788209079-e1730584903790.jpg?fit=1001%2C1200&ssl=1&resize=350%2C200","width":350,"height":200,"srcset":"https:\/\/i0.wp.com\/ikebanafusung.com\/wp-content\/uploads\/2024\/11\/20241018_154739.jpgzzzz-2788209079-e1730584903790.jpg?fit=1001%2C1200&ssl=1&resize=350%2C200 1x, https:\/\/i0.wp.com\/ikebanafusung.com\/wp-content\/uploads\/2024\/11\/20241018_154739.jpgzzzz-2788209079-e1730584903790.jpg?fit=1001%2C1200&ssl=1&resize=525%2C300 1.5x, https:\/\/i0.wp.com\/ikebanafusung.com\/wp-content\/uploads\/2024\/11\/20241018_154739.jpgzzzz-2788209079-e1730584903790.jpg?fit=1001%2C1200&ssl=1&resize=700%2C400 2x"},"classes":[]},{"id":13715,"url":"https:\/\/ikebanafusung.com\/?product=renkli-cicekler","url_meta":{"origin":13721,"position":4},"title":"An\u0131lar-Renkli seri ev dekorasyonu","author":"\u0130KEBANA","date":"Kas\u0131m 10, 2024","format":false,"excerpt":"Hardal cam vazoda sar\u0131, kahverengi, ye\u015fil yapay \u00e7i\u00e7ek tasar\u0131m\u0131 \u00a0","rel":"","context":"Benzer yaz\u0131","block_context":{"text":"Benzer yaz\u0131","link":""},"img":{"alt_text":"Renkli Seri ev dekorasyonu","src":"https:\/\/i0.wp.com\/ikebanafusung.com\/wp-content\/uploads\/2024\/10\/20241018_154255.jpga_.jpg?fit=900%2C1200&ssl=1&resize=350%2C200","width":350,"height":200,"srcset":"https:\/\/i0.wp.com\/ikebanafusung.com\/wp-content\/uploads\/2024\/10\/20241018_154255.jpga_.jpg?fit=900%2C1200&ssl=1&resize=350%2C200 1x, https:\/\/i0.wp.com\/ikebanafusung.com\/wp-content\/uploads\/2024\/10\/20241018_154255.jpga_.jpg?fit=900%2C1200&ssl=1&resize=525%2C300 1.5x, https:\/\/i0.wp.com\/ikebanafusung.com\/wp-content\/uploads\/2024\/10\/20241018_154255.jpga_.jpg?fit=900%2C1200&ssl=1&resize=700%2C400 2x"},"classes":[]},{"id":13713,"url":"https:\/\/ikebanafusung.com\/?product=antre-cicegi-masal-dunyasi-renkli-seri-ev-dekorasyonu","url_meta":{"origin":13721,"position":5},"title":"Masal D\u00fcnyas\u0131-Renkli seri ev dekorasyonu","author":"\u0130KEBANA","date":"Kas\u0131m 10, 2024","format":false,"excerpt":"\u015eeffaf cam ayakkab\u0131da fu\u015fya ,beyaz, ye\u015fil yapay \u00e7i\u00e7ek tasar\u0131m\u0131 \u00a0","rel":"","context":"Benzer yaz\u0131","block_context":{"text":"Benzer yaz\u0131","link":""},"img":{"alt_text":"Renkli Seri ev dekorasyonu","src":"https:\/\/i0.wp.com\/ikebanafusung.com\/wp-content\/uploads\/2024\/11\/20241019_032547.jpga_.jpg?fit=1164%2C1200&ssl=1&resize=350%2C200","width":350,"height":200,"srcset":"https:\/\/i0.wp.com\/ikebanafusung.com\/wp-content\/uploads\/2024\/11\/20241019_032547.jpga_.jpg?fit=1164%2C1200&ssl=1&resize=350%2C200 1x, https:\/\/i0.wp.com\/ikebanafusung.com\/wp-content\/uploads\/2024\/11\/20241019_032547.jpga_.jpg?fit=1164%2C1200&ssl=1&resize=525%2C300 1.5x, https:\/\/i0.wp.com\/ikebanafusung.com\/wp-content\/uploads\/2024\/11\/20241019_032547.jpga_.jpg?fit=1164%2C1200&ssl=1&resize=700%2C400 2x, https:\/\/i0.wp.com\/ikebanafusung.com\/wp-content\/uploads\/2024\/11\/20241019_032547.jpga_.jpg?fit=1164%2C1200&ssl=1&resize=1050%2C600 3x"},"classes":[]}],"_links":{"self":[{"href":"https:\/\/ikebanafusung.com\/index.php?rest_route=\/wp\/v2\/product\/13721","targetHints":{"allow":["GET"]}}],"collection":[{"href":"https:\/\/ikebanafusung.com\/index.php?rest_route=\/wp\/v2\/product"}],"about":[{"href":"https:\/\/ikebanafusung.com\/index.php?rest_route=\/wp\/v2\/types\/product"}],"replies":[{"embeddable":true,"href":"https:\/\/ikebanafusung.com\/index.php?rest_route=%2Fwp%2Fv2%2Fcomments&post=13721"}],"wp:featuredmedia":[{"embeddable":true,"href":"https:\/\/ikebanafusung.com\/index.php?rest_route=\/wp\/v2\/media\/13546"}],"wp:attachment":[{"href":"https:\/\/ikebanafusung.com\/index.php?rest_route=%2Fwp%2Fv2%2Fmedia&parent=13721"}],"wp:term":[{"taxonomy":"product_brand","embeddable":true,"href":"https:\/\/ikebanafusung.com\/index.php?rest_route=%2Fwp%2Fv2%2Fproduct_brand&post=13721"},{"taxonomy":"product_cat","embeddable":true,"href":"https:\/\/ikebanafusung.com\/index.php?rest_route=%2Fwp%2Fv2%2Fproduct_cat&post=13721"},{"taxonomy":"product_tag","embeddable":true,"href":"https:\/\/ikebanafusung.com\/index.php?rest_route=%2Fwp%2Fv2%2Fproduct_tag&post=13721"}],"curies":[{"name":"wp","href":"https:\/\/api.w.org\/{rel}","templated":true}]}}