{"id":15822,"date":"2025-07-02T03:37:10","date_gmt":"2025-07-02T03:37:10","guid":{"rendered":"https:\/\/ikebanafusung.com\/?page_id=15822"},"modified":"2025-07-02T03:37:10","modified_gmt":"2025-07-02T03:37:10","slug":"urunler","status":"publish","type":"page","link":"https:\/\/ikebanafusung.com\/?page_id=15822","title":{"rendered":"\u00dcr\u00fcnler"},"content":{"rendered":"Hi\u00e7bir \u0130ndirilenler bulunamad\u0131.","protected":false},"excerpt":{"rendered":"","protected":false},"author":191594741,"featured_media":0,"parent":0,"menu_order":0,"comment_status":"closed","ping_status":"closed","template":"","meta":{"_coblocks_attr":"","_coblocks_dimensions":"","_coblocks_responsive_height":"","_coblocks_accordion_ie_support":"","_crdt_document":"","jetpack_post_was_ever_published":false,"footnotes":""},"class_list":["post-15822","page","type-page","status-publish","hentry"],"yoast_head":"<!-- This site is optimized with the Yoast SEO plugin v27.3 - https:\/\/yoast.com\/product\/yoast-seo-wordpress\/ -->\n<title>\u00dcr\u00fcnler - F\u00dcSUN\u2019UN G\u00d6Z\u00dcNDEN<\/title>\n<meta name=\"robots\" content=\"index, follow, max-snippet:-1, max-image-preview:large, max-video-preview:-1\" \/>\n<link rel=\"canonical\" href=\"https:\/\/ikebanafusung.com\/?page_id=15822\" \/>\n<meta property=\"og:locale\" content=\"tr_TR\" \/>\n<meta property=\"og:type\" content=\"article\" \/>\n<meta property=\"og:title\" content=\"\u00dcr\u00fcnler - F\u00dcSUN\u2019UN G\u00d6Z\u00dcNDEN\" \/>\n<meta property=\"og:url\" content=\"https:\/\/ikebanafusung.com\/?page_id=15822\" \/>\n<meta property=\"og:site_name\" content=\"F\u00dcSUN\u2019UN G\u00d6Z\u00dcNDEN\" \/>\n<meta name=\"twitter:card\" content=\"summary_large_image\" \/>\n<script type=\"application\/ld+json\" class=\"yoast-schema-graph\">{\"@context\":\"https:\\\/\\\/schema.org\",\"@graph\":[{\"@type\":\"WebPage\",\"@id\":\"https:\\\/\\\/ikebanafusung.com\\\/?page_id=15822\",\"url\":\"https:\\\/\\\/ikebanafusung.com\\\/?page_id=15822\",\"name\":\"\u00dcr\u00fcnler - F\u00dcSUN\u2019UN G\u00d6Z\u00dcNDEN\",\"isPartOf\":{\"@id\":\"https:\\\/\\\/ikebanafusung.com\\\/#website\"},\"datePublished\":\"2025-07-02T03:37:10+00:00\",\"breadcrumb\":{\"@id\":\"https:\\\/\\\/ikebanafusung.com\\\/?page_id=15822#breadcrumb\"},\"inLanguage\":\"tr\",\"potentialAction\":[{\"@type\":\"ReadAction\",\"target\":[\"https:\\\/\\\/ikebanafusung.com\\\/?page_id=15822\"]}]},{\"@type\":\"BreadcrumbList\",\"@id\":\"https:\\\/\\\/ikebanafusung.com\\\/?page_id=15822#breadcrumb\",\"itemListElement\":[{\"@type\":\"ListItem\",\"position\":1,\"name\":\"Home\",\"item\":\"https:\\\/\\\/ikebanafusung.com\\\/\"},{\"@type\":\"ListItem\",\"position\":2,\"name\":\"\u00dcr\u00fcnler\"}]},{\"@type\":\"WebSite\",\"@id\":\"https:\\\/\\\/ikebanafusung.com\\\/#website\",\"url\":\"https:\\\/\\\/ikebanafusung.com\\\/\",\"name\":\"\u0130KEBANA\",\"description\":\"\u0130KEBANA - JAPON \u00c7\u0130\u00c7EK D\u00dcZENLEME SANATI\",\"publisher\":{\"@id\":\"https:\\\/\\\/ikebanafusung.com\\\/#\\\/schema\\\/person\\\/ec8fd779f7bc69c31d8e3038991a50f5\"},\"potentialAction\":[{\"@type\":\"SearchAction\",\"target\":{\"@type\":\"EntryPoint\",\"urlTemplate\":\"https:\\\/\\\/ikebanafusung.com\\\/?s={search_term_string}\"},\"query-input\":{\"@type\":\"PropertyValueSpecification\",\"valueRequired\":true,\"valueName\":\"search_term_string\"}}],\"inLanguage\":\"tr\"},{\"@type\":[\"Person\",\"Organization\"],\"@id\":\"https:\\\/\\\/ikebanafusung.com\\\/#\\\/schema\\\/person\\\/ec8fd779f7bc69c31d8e3038991a50f5\",\"name\":\"Inovasyon\",\"image\":{\"@type\":\"ImageObject\",\"inLanguage\":\"tr\",\"@id\":\"https:\\\/\\\/i0.wp.com\\\/ikebanafusung.com\\\/wp-content\\\/uploads\\\/2024\\\/11\\\/cropped-cropped-cropped-Depositphotos_264072518_XL-1.jpg?fit=6013%2C1752&ssl=1\",\"url\":\"https:\\\/\\\/i0.wp.com\\\/ikebanafusung.com\\\/wp-content\\\/uploads\\\/2024\\\/11\\\/cropped-cropped-cropped-Depositphotos_264072518_XL-1.jpg?fit=6013%2C1752&ssl=1\",\"contentUrl\":\"https:\\\/\\\/i0.wp.com\\\/ikebanafusung.com\\\/wp-content\\\/uploads\\\/2024\\\/11\\\/cropped-cropped-cropped-Depositphotos_264072518_XL-1.jpg?fit=6013%2C1752&ssl=1\",\"width\":6013,\"height\":1752,\"caption\":\"Inovasyon\"},\"logo\":{\"@id\":\"https:\\\/\\\/i0.wp.com\\\/ikebanafusung.com\\\/wp-content\\\/uploads\\\/2024\\\/11\\\/cropped-cropped-cropped-Depositphotos_264072518_XL-1.jpg?fit=6013%2C1752&ssl=1\"}}]}<\/script>\n<!-- \/ Yoast SEO plugin. -->","yoast_head_json":{"title":"\u00dcr\u00fcnler - F\u00dcSUN\u2019UN G\u00d6Z\u00dcNDEN","robots":{"index":"index","follow":"follow","max-snippet":"max-snippet:-1","max-image-preview":"max-image-preview:large","max-video-preview":"max-video-preview:-1"},"canonical":"https:\/\/ikebanafusung.com\/?page_id=15822","og_locale":"tr_TR","og_type":"article","og_title":"\u00dcr\u00fcnler - F\u00dcSUN\u2019UN G\u00d6Z\u00dcNDEN","og_url":"https:\/\/ikebanafusung.com\/?page_id=15822","og_site_name":"F\u00dcSUN\u2019UN G\u00d6Z\u00dcNDEN","twitter_card":"summary_large_image","schema":{"@context":"https:\/\/schema.org","@graph":[{"@type":"WebPage","@id":"https:\/\/ikebanafusung.com\/?page_id=15822","url":"https:\/\/ikebanafusung.com\/?page_id=15822","name":"\u00dcr\u00fcnler - F\u00dcSUN\u2019UN G\u00d6Z\u00dcNDEN","isPartOf":{"@id":"https:\/\/ikebanafusung.com\/#website"},"datePublished":"2025-07-02T03:37:10+00:00","breadcrumb":{"@id":"https:\/\/ikebanafusung.com\/?page_id=15822#breadcrumb"},"inLanguage":"tr","potentialAction":[{"@type":"ReadAction","target":["https:\/\/ikebanafusung.com\/?page_id=15822"]}]},{"@type":"BreadcrumbList","@id":"https:\/\/ikebanafusung.com\/?page_id=15822#breadcrumb","itemListElement":[{"@type":"ListItem","position":1,"name":"Home","item":"https:\/\/ikebanafusung.com\/"},{"@type":"ListItem","position":2,"name":"\u00dcr\u00fcnler"}]},{"@type":"WebSite","@id":"https:\/\/ikebanafusung.com\/#website","url":"https:\/\/ikebanafusung.com\/","name":"\u0130KEBANA","description":"\u0130KEBANA - JAPON \u00c7\u0130\u00c7EK D\u00dcZENLEME SANATI","publisher":{"@id":"https:\/\/ikebanafusung.com\/#\/schema\/person\/ec8fd779f7bc69c31d8e3038991a50f5"},"potentialAction":[{"@type":"SearchAction","target":{"@type":"EntryPoint","urlTemplate":"https:\/\/ikebanafusung.com\/?s={search_term_string}"},"query-input":{"@type":"PropertyValueSpecification","valueRequired":true,"valueName":"search_term_string"}}],"inLanguage":"tr"},{"@type":["Person","Organization"],"@id":"https:\/\/ikebanafusung.com\/#\/schema\/person\/ec8fd779f7bc69c31d8e3038991a50f5","name":"Inovasyon","image":{"@type":"ImageObject","inLanguage":"tr","@id":"https:\/\/i0.wp.com\/ikebanafusung.com\/wp-content\/uploads\/2024\/11\/cropped-cropped-cropped-Depositphotos_264072518_XL-1.jpg?fit=6013%2C1752&ssl=1","url":"https:\/\/i0.wp.com\/ikebanafusung.com\/wp-content\/uploads\/2024\/11\/cropped-cropped-cropped-Depositphotos_264072518_XL-1.jpg?fit=6013%2C1752&ssl=1","contentUrl":"https:\/\/i0.wp.com\/ikebanafusung.com\/wp-content\/uploads\/2024\/11\/cropped-cropped-cropped-Depositphotos_264072518_XL-1.jpg?fit=6013%2C1752&ssl=1","width":6013,"height":1752,"caption":"Inovasyon"},"logo":{"@id":"https:\/\/i0.wp.com\/ikebanafusung.com\/wp-content\/uploads\/2024\/11\/cropped-cropped-cropped-Depositphotos_264072518_XL-1.jpg?fit=6013%2C1752&ssl=1"}}]}},"jetpack_likes_enabled":true,"jetpack_sharing_enabled":true,"jetpack_shortlink":"https:\/\/wp.me\/P3dDmC-47c","jetpack-related-posts":[{"id":13163,"url":"https:\/\/ikebanafusung.com\/?page_id=13163","url_meta":{"origin":15822,"position":0},"title":"Ma\u011faza","author":"Zeynep KIYAK","date":"A\u011fustos 20, 2024","format":false,"excerpt":"\u0130kebana ile \u00e7\u0131k\u0131lan yolda \u00dcR\u00dcNLER\u0130M\u0130Z Geleneksel ikebanan\u0131n do\u011fal \u00e7i\u00e7eklerle yap\u0131lmas\u0131na kar\u015f\u0131n modern tarzda yapay \u00e7i\u00e7ek de kullan\u0131lmaktad\u0131r. Ben de kal\u0131c\u0131 olmas\u0131 a\u00e7\u0131s\u0131ndan tasar\u0131mlar\u0131mda yapay \u00e7i\u00e7ek kulland\u0131m.Tabii ki ikebanadan ilham ald\u0131m. Geleneksel tarz\u0131n felsefe ve tekni\u011fine uygun olan \u00e7a\u011fda\u015f aranjmanlar\u0131m\u0131 zevkinize sunuyorum. Ya\u015fam\u0131 \u00e7i\u00e7eklerle kutlamaya ve g\u00f6r\u00fcnenin arkas\u0131ndaki g\u00f6r\u00fcnmeyeni g\u00f6rmeye \u00e7al\u0131\u015ft\u0131m.\u2026","rel":"","context":"Benzer yaz\u0131","block_context":{"text":"Benzer yaz\u0131","link":""},"img":{"alt_text":"","src":"https:\/\/i0.wp.com\/ikebanafusung.com\/wp-content\/uploads\/2025\/01\/30739744_1912997645385934_4947619438378233742_n-3.jpg?resize=350%2C200&ssl=1","width":350,"height":200},"classes":[]}],"_links":{"self":[{"href":"https:\/\/ikebanafusung.com\/index.php?rest_route=\/wp\/v2\/pages\/15822","targetHints":{"allow":["GET"]}}],"collection":[{"href":"https:\/\/ikebanafusung.com\/index.php?rest_route=\/wp\/v2\/pages"}],"about":[{"href":"https:\/\/ikebanafusung.com\/index.php?rest_route=\/wp\/v2\/types\/page"}],"author":[{"embeddable":true,"href":"https:\/\/ikebanafusung.com\/index.php?rest_route=\/wp\/v2\/users\/191594741"}],"replies":[{"embeddable":true,"href":"https:\/\/ikebanafusung.com\/index.php?rest_route=%2Fwp%2Fv2%2Fcomments&post=15822"}],"version-history":[{"count":0,"href":"https:\/\/ikebanafusung.com\/index.php?rest_route=\/wp\/v2\/pages\/15822\/revisions"}],"wp:attachment":[{"href":"https:\/\/ikebanafusung.com\/index.php?rest_route=%2Fwp%2Fv2%2Fmedia&parent=15822"}],"curies":[{"name":"wp","href":"https:\/\/api.w.org\/{rel}","templated":true}]}}