{"id":14948,"date":"2024-12-01T22:28:48","date_gmt":"2024-12-01T22:28:48","guid":{"rendered":"https:\/\/ikebanafusung.com\/?page_id=14948"},"modified":"2025-01-10T21:24:33","modified_gmt":"2025-01-10T21:24:33","slug":"iletisim","status":"publish","type":"page","link":"https:\/\/ikebanafusung.com\/?page_id=14948","title":{"rendered":"\u0130leti\u015fim"},"content":{"rendered":"\n<div class=\"wp-block-group is-content-justification-space-between is-nowrap is-layout-flex wp-container-core-group-is-layout-b0ffac9c wp-block-group-is-layout-flex\">\n<figure class=\"wp-block-image size-full is-resized\"><img data-recalc-dims=\"1\" loading=\"lazy\" decoding=\"async\" width=\"234\" height=\"215\" data-attachment-id=\"244\" data-permalink=\"https:\/\/ikebanafusung.com\/?attachment_id=244\" data-orig-file=\"https:\/\/i0.wp.com\/ikebanafusung.com\/wp-content\/uploads\/2013\/12\/et___m.jpg?fit=234%2C215&amp;ssl=1\" data-orig-size=\"234,215\" data-comments-opened=\"1\" data-image-meta=\"{&quot;aperture&quot;:&quot;0&quot;,&quot;credit&quot;:&quot;&quot;,&quot;camera&quot;:&quot;&quot;,&quot;caption&quot;:&quot;&quot;,&quot;created_timestamp&quot;:&quot;0&quot;,&quot;copyright&quot;:&quot;&quot;,&quot;focal_length&quot;:&quot;0&quot;,&quot;iso&quot;:&quot;0&quot;,&quot;shutter_speed&quot;:&quot;0&quot;,&quot;title&quot;:&quot;&quot;}\" data-image-title=\"__ET___M\" data-image-description=\"\" data-image-caption=\"\" data-medium-file=\"https:\/\/i0.wp.com\/ikebanafusung.com\/wp-content\/uploads\/2013\/12\/et___m.jpg?fit=234%2C215&amp;ssl=1\" data-large-file=\"https:\/\/i0.wp.com\/ikebanafusung.com\/wp-content\/uploads\/2013\/12\/et___m.jpg?fit=234%2C215&amp;ssl=1\" src=\"https:\/\/i0.wp.com\/ikebanafusung.com\/wp-content\/uploads\/2013\/12\/et___m.jpg?resize=234%2C215&#038;ssl=1\" alt=\"\" class=\"wp-image-244\" style=\"width:253px;height:auto\"\/><\/figure>\n\n\n\n<p class=\"has-text-align-left has-lora-font-family coblocks-animate has-custom-font has-custom-weight has-custom-lineheight has-custom-letterspacing wp-block-paragraph\" data-coblocks-animation=\"zoomIn\" style=\"font-family:Lora;line-height:1.49;letter-spacing:2.6px;font-weight:normal;font-size:26px\"><strong>iLET\u0130\u015e\u0130M ARA\u00c7LARIMIZ <\/strong><\/p>\n\n\n\n<p class=\"wp-block-paragraph\"><strong>  <\/strong><\/p>\n<\/div>\n\n\n<div class=\"wp-block-jetpack-contact-form is-layout-flex wp-container-jetpack-contact-form-is-layout-7f6ac06e wp-block-jetpack-contact-form-is-layout-flex\"><a href=\"https:\/\/ikebanafusung.com\/?page_id=14948\" target=\"_blank\" rel=\"noopener noreferrer\">Bir form g\u00f6nderin.<\/a><\/div>\n\n<div class=\"wp-block-jetpack-contact-form is-layout-flex wp-container-jetpack-contact-form-is-layout-7f6ac06e wp-block-jetpack-contact-form-is-layout-flex\"><a href=\"https:\/\/ikebanafusung.com\/?page_id=14948\" target=\"_blank\" rel=\"noopener noreferrer\">Bir form g\u00f6nderin.<\/a><\/div>\n\n\n\n\n<div class=\"wp-block-group alignfull\" style=\"padding-top:var(--wp--preset--spacing--50);padding-bottom:var(--wp--preset--spacing--50)\"><div class=\"wp-block-group__inner-container is-layout-constrained wp-block-group-is-layout-constrained\">\n<div class=\"wp-block-columns alignwide is-layout-flex wp-container-core-columns-is-layout-5556964c wp-block-columns-is-layout-flex\">\n<div class=\"wp-block-column is-layout-flow wp-block-column-is-layout-flow\" style=\"flex-basis:50%\">\n<h2 class=\"wp-block-heading\">\u0130leti\u015fim<\/h2>\n<\/div>\n\n\n\n<div class=\"wp-block-column is-vertically-aligned-center is-layout-flow wp-block-column-is-layout-flow\" style=\"flex-basis:50%\">\n<p class=\"wp-block-paragraph\">Ho\u015f geldiniz, s\u0131n\u0131rs\u0131z olanaklar\u0131n d\u00fcnyas\u0131na, yolculu\u011fun hedef kadar heyecan verici oldu\u011fu ve her an\u0131n varolu\u015fun tuvaline iz b\u0131rakma f\u0131rsat\u0131 oldu\u011fu bir d\u00fcnyaya. Tek s\u0131n\u0131rlama, hayal g\u00fcc\u00fcn\u00fcn s\u0131n\u0131rlar\u0131d\u0131r.<\/p>\n\n\n\n<div style=\"height:var(--wp--preset--spacing--20)\" aria-hidden=\"true\" class=\"wp-block-spacer\"><\/div>\n\n\n<div class=\"wp-block-jetpack-contact-form is-style-default is-layout-flex wp-container-jetpack-contact-form-is-layout-7f6ac06e wp-block-jetpack-contact-form-is-layout-flex\"><a href=\"https:\/\/ikebanafusung.com\/?page_id=14948\" target=\"_blank\" rel=\"noopener noreferrer\">Bir form g\u00f6nderin.<\/a><\/div><\/div>\n<\/div>\n\n\n\n<div style=\"height:var(--wp--preset--spacing--20)\" aria-hidden=\"true\" class=\"wp-block-spacer\"><\/div>\n\n\n\n<div class=\"wp-block-group alignfull has-background-color has-foreground-background-color has-text-color has-background has-link-color wp-elements-1f3b92fd8ee2ec8ef7f6c71a1fdf42fe\" style=\"padding-top:0;padding-right:var(--wp--preset--spacing--40);padding-bottom:0;padding-left:var(--wp--preset--spacing--40)\"><div class=\"wp-block-group__inner-container is-layout-flow wp-block-group-is-layout-flow\">\n<details class=\"wp-block-details is-layout-flow wp-block-details-is-layout-flow\"><summary>ANKARA T\u00dcRK\u0130YE<\/summary>\n<div data-map-provider=\"mapkit\" data-api-key=\"pk.eyJ1IjoiYXV0b21hdHRpYyIsImEiOiJjazVpZjA5aWswYTFvM21sOWtzNW1rNG9lIn0.Gu-sp4wRxnnQB-Qa8CpuZQ\"  data-blog-id=\"47578590\" class=\"wp-block-jetpack-map is-style-default\" data-map-style=\"default\" data-map-details=\"true\" data-points=\"[{&quot;placeTitle&quot;:&quot;Ankara, Ankara, T\u00fcrkiye&quot;,&quot;title&quot;:&quot;Ankara, Ankara, T\u00fcrkiye&quot;,&quot;caption&quot;:&quot;Ankara, Ankara, T\u00fcrkiye&quot;,&quot;coordinates&quot;:{&quot;longitude&quot;:32.8562777,&quot;latitude&quot;:39.9210643},&quot;id&quot;:&quot;Ankara, Ankara, T\u00fcrkiye 39.92 32.86&quot;}]\" data-zoom=\"12\" data-map-center=\"{&quot;lat&quot;:39.92106234104117,&quot;lng&quot;:32.85627770000002}\" data-marker-color=\"#151515\" data-map-height=\"600\" data-show-fullscreen-button=\"true\"><ul><li><a href=\"https:\/\/www.google.com\/maps\/search\/?api=1&amp;query=39.9210643,32.8562777\">Ankara, Ankara, T\u00fcrkiye<\/a><\/li><\/ul><\/div>\n<\/details>\n<\/div><\/div>\n<\/div><\/div>\n\n\n<div class=\"wp-block-coblocks-social wp-block-coblocks-social-profiles has-colors\"><ul><\/ul><\/div>\n\n\n<p class=\"wp-block-paragraph\"><\/p>\n","protected":false},"excerpt":{"rendered":"<p>iLET\u0130\u015e\u0130M ARA\u00c7LARIMIZ \u0130leti\u015fim Ho\u015f geldiniz, s\u0131n\u0131rs\u0131z olanaklar\u0131n d\u00fcnyas\u0131na, yolculu\u011fun hedef kadar heyecan verici oldu\u011fu ve her an\u0131n varolu\u015fun tuvaline iz b\u0131rakma f\u0131rsat\u0131 oldu\u011fu bir d\u00fcnyaya. Tek s\u0131n\u0131rlama, hayal g\u00fcc\u00fcn\u00fcn s\u0131n\u0131rlar\u0131d\u0131r.<\/p>\n","protected":false},"author":191594741,"featured_media":0,"parent":0,"menu_order":0,"comment_status":"closed","ping_status":"closed","template":"","meta":{"_coblocks_attr":"","_coblocks_dimensions":"","_coblocks_responsive_height":"","_coblocks_accordion_ie_support":"","_crdt_document":"","jetpack_post_was_ever_published":false,"footnotes":""},"class_list":["post-14948","page","type-page","status-publish","hentry"],"yoast_head":"<!-- This site is optimized with the Yoast SEO plugin v27.0 - https:\/\/yoast.com\/product\/yoast-seo-wordpress\/ -->\n<title>\u0130leti\u015fim - F\u00dcSUN\u2019UN G\u00d6Z\u00dcNDEN<\/title>\n<meta name=\"robots\" content=\"index, follow, max-snippet:-1, max-image-preview:large, max-video-preview:-1\" \/>\n<link rel=\"canonical\" href=\"https:\/\/ikebanafusung.com\/?page_id=14948\" \/>\n<meta property=\"og:locale\" content=\"tr_TR\" \/>\n<meta property=\"og:type\" content=\"article\" \/>\n<meta property=\"og:title\" content=\"\u0130leti\u015fim - F\u00dcSUN\u2019UN G\u00d6Z\u00dcNDEN\" \/>\n<meta property=\"og:description\" content=\"iLET\u0130\u015e\u0130M ARA\u00c7LARIMIZ \u0130leti\u015fim Ho\u015f geldiniz, s\u0131n\u0131rs\u0131z olanaklar\u0131n d\u00fcnyas\u0131na, yolculu\u011fun hedef kadar heyecan verici oldu\u011fu ve her an\u0131n varolu\u015fun tuvaline iz b\u0131rakma f\u0131rsat\u0131 oldu\u011fu bir d\u00fcnyaya. Tek s\u0131n\u0131rlama, hayal g\u00fcc\u00fcn\u00fcn s\u0131n\u0131rlar\u0131d\u0131r.\" \/>\n<meta property=\"og:url\" content=\"https:\/\/ikebanafusung.com\/?page_id=14948\" \/>\n<meta property=\"og:site_name\" content=\"F\u00dcSUN\u2019UN G\u00d6Z\u00dcNDEN\" \/>\n<meta property=\"article:modified_time\" content=\"2025-01-10T21:24:33+00:00\" \/>\n<meta property=\"og:image\" content=\"https:\/\/ikebanafusung.com\/wp-content\/uploads\/2013\/12\/et___m.jpg\" \/>\n<meta name=\"twitter:card\" content=\"summary_large_image\" \/>\n<meta name=\"twitter:label1\" content=\"Tahmini okuma s\u00fcresi\" \/>\n\t<meta name=\"twitter:data1\" content=\"1 dakika\" \/>\n<script type=\"application\/ld+json\" class=\"yoast-schema-graph\">{\"@context\":\"https:\/\/schema.org\",\"@graph\":[{\"@type\":\"WebPage\",\"@id\":\"https:\/\/ikebanafusung.com\/?page_id=14948\",\"url\":\"https:\/\/ikebanafusung.com\/?page_id=14948\",\"name\":\"\u0130leti\u015fim - F\u00dcSUN\u2019UN G\u00d6Z\u00dcNDEN\",\"isPartOf\":{\"@id\":\"https:\/\/ikebanafusung.com\/#website\"},\"primaryImageOfPage\":{\"@id\":\"https:\/\/ikebanafusung.com\/?page_id=14948#primaryimage\"},\"image\":{\"@id\":\"https:\/\/ikebanafusung.com\/?page_id=14948#primaryimage\"},\"thumbnailUrl\":\"https:\/\/ikebanafusung.com\/wp-content\/uploads\/2013\/12\/et___m.jpg\",\"datePublished\":\"2024-12-01T22:28:48+00:00\",\"dateModified\":\"2025-01-10T21:24:33+00:00\",\"breadcrumb\":{\"@id\":\"https:\/\/ikebanafusung.com\/?page_id=14948#breadcrumb\"},\"inLanguage\":\"tr\",\"potentialAction\":[{\"@type\":\"ReadAction\",\"target\":[\"https:\/\/ikebanafusung.com\/?page_id=14948\"]}]},{\"@type\":\"ImageObject\",\"inLanguage\":\"tr\",\"@id\":\"https:\/\/ikebanafusung.com\/?page_id=14948#primaryimage\",\"url\":\"https:\/\/i0.wp.com\/ikebanafusung.com\/wp-content\/uploads\/2013\/12\/et___m.jpg?fit=234%2C215&ssl=1\",\"contentUrl\":\"https:\/\/i0.wp.com\/ikebanafusung.com\/wp-content\/uploads\/2013\/12\/et___m.jpg?fit=234%2C215&ssl=1\",\"width\":234,\"height\":215},{\"@type\":\"BreadcrumbList\",\"@id\":\"https:\/\/ikebanafusung.com\/?page_id=14948#breadcrumb\",\"itemListElement\":[{\"@type\":\"ListItem\",\"position\":1,\"name\":\"Home\",\"item\":\"https:\/\/ikebanafusung.com\/\"},{\"@type\":\"ListItem\",\"position\":2,\"name\":\"\u0130leti\u015fim\"}]},{\"@type\":\"WebSite\",\"@id\":\"https:\/\/ikebanafusung.com\/#website\",\"url\":\"https:\/\/ikebanafusung.com\/\",\"name\":\"\u0130KEBANA\",\"description\":\"\u0130KEBANA - JAPON \u00c7\u0130\u00c7EK D\u00dcZENLEME SANATI\",\"publisher\":{\"@id\":\"https:\/\/ikebanafusung.com\/#\/schema\/person\/ec8fd779f7bc69c31d8e3038991a50f5\"},\"potentialAction\":[{\"@type\":\"SearchAction\",\"target\":{\"@type\":\"EntryPoint\",\"urlTemplate\":\"https:\/\/ikebanafusung.com\/?s={search_term_string}\"},\"query-input\":{\"@type\":\"PropertyValueSpecification\",\"valueRequired\":true,\"valueName\":\"search_term_string\"}}],\"inLanguage\":\"tr\"},{\"@type\":[\"Person\",\"Organization\"],\"@id\":\"https:\/\/ikebanafusung.com\/#\/schema\/person\/ec8fd779f7bc69c31d8e3038991a50f5\",\"name\":\"Inovasyon\",\"image\":{\"@type\":\"ImageObject\",\"inLanguage\":\"tr\",\"@id\":\"https:\/\/ikebanafusung.com\/#\/schema\/person\/image\/\",\"url\":\"https:\/\/i0.wp.com\/ikebanafusung.com\/wp-content\/uploads\/2024\/11\/cropped-cropped-cropped-Depositphotos_264072518_XL-1.jpg?fit=6013%2C1752&ssl=1\",\"contentUrl\":\"https:\/\/i0.wp.com\/ikebanafusung.com\/wp-content\/uploads\/2024\/11\/cropped-cropped-cropped-Depositphotos_264072518_XL-1.jpg?fit=6013%2C1752&ssl=1\",\"width\":6013,\"height\":1752,\"caption\":\"Inovasyon\"},\"logo\":{\"@id\":\"https:\/\/ikebanafusung.com\/#\/schema\/person\/image\/\"}}]}<\/script>\n<!-- \/ Yoast SEO plugin. -->","yoast_head_json":{"title":"\u0130leti\u015fim - F\u00dcSUN\u2019UN G\u00d6Z\u00dcNDEN","robots":{"index":"index","follow":"follow","max-snippet":"max-snippet:-1","max-image-preview":"max-image-preview:large","max-video-preview":"max-video-preview:-1"},"canonical":"https:\/\/ikebanafusung.com\/?page_id=14948","og_locale":"tr_TR","og_type":"article","og_title":"\u0130leti\u015fim - F\u00dcSUN\u2019UN G\u00d6Z\u00dcNDEN","og_description":"iLET\u0130\u015e\u0130M ARA\u00c7LARIMIZ \u0130leti\u015fim Ho\u015f geldiniz, s\u0131n\u0131rs\u0131z olanaklar\u0131n d\u00fcnyas\u0131na, yolculu\u011fun hedef kadar heyecan verici oldu\u011fu ve her an\u0131n varolu\u015fun tuvaline iz b\u0131rakma f\u0131rsat\u0131 oldu\u011fu bir d\u00fcnyaya. Tek s\u0131n\u0131rlama, hayal g\u00fcc\u00fcn\u00fcn s\u0131n\u0131rlar\u0131d\u0131r.","og_url":"https:\/\/ikebanafusung.com\/?page_id=14948","og_site_name":"F\u00dcSUN\u2019UN G\u00d6Z\u00dcNDEN","article_modified_time":"2025-01-10T21:24:33+00:00","og_image":[{"url":"https:\/\/ikebanafusung.com\/wp-content\/uploads\/2013\/12\/et___m.jpg","type":"","width":"","height":""}],"twitter_card":"summary_large_image","twitter_misc":{"Tahmini okuma s\u00fcresi":"1 dakika"},"schema":{"@context":"https:\/\/schema.org","@graph":[{"@type":"WebPage","@id":"https:\/\/ikebanafusung.com\/?page_id=14948","url":"https:\/\/ikebanafusung.com\/?page_id=14948","name":"\u0130leti\u015fim - F\u00dcSUN\u2019UN G\u00d6Z\u00dcNDEN","isPartOf":{"@id":"https:\/\/ikebanafusung.com\/#website"},"primaryImageOfPage":{"@id":"https:\/\/ikebanafusung.com\/?page_id=14948#primaryimage"},"image":{"@id":"https:\/\/ikebanafusung.com\/?page_id=14948#primaryimage"},"thumbnailUrl":"https:\/\/ikebanafusung.com\/wp-content\/uploads\/2013\/12\/et___m.jpg","datePublished":"2024-12-01T22:28:48+00:00","dateModified":"2025-01-10T21:24:33+00:00","breadcrumb":{"@id":"https:\/\/ikebanafusung.com\/?page_id=14948#breadcrumb"},"inLanguage":"tr","potentialAction":[{"@type":"ReadAction","target":["https:\/\/ikebanafusung.com\/?page_id=14948"]}]},{"@type":"ImageObject","inLanguage":"tr","@id":"https:\/\/ikebanafusung.com\/?page_id=14948#primaryimage","url":"https:\/\/i0.wp.com\/ikebanafusung.com\/wp-content\/uploads\/2013\/12\/et___m.jpg?fit=234%2C215&ssl=1","contentUrl":"https:\/\/i0.wp.com\/ikebanafusung.com\/wp-content\/uploads\/2013\/12\/et___m.jpg?fit=234%2C215&ssl=1","width":234,"height":215},{"@type":"BreadcrumbList","@id":"https:\/\/ikebanafusung.com\/?page_id=14948#breadcrumb","itemListElement":[{"@type":"ListItem","position":1,"name":"Home","item":"https:\/\/ikebanafusung.com\/"},{"@type":"ListItem","position":2,"name":"\u0130leti\u015fim"}]},{"@type":"WebSite","@id":"https:\/\/ikebanafusung.com\/#website","url":"https:\/\/ikebanafusung.com\/","name":"\u0130KEBANA","description":"\u0130KEBANA - JAPON \u00c7\u0130\u00c7EK D\u00dcZENLEME SANATI","publisher":{"@id":"https:\/\/ikebanafusung.com\/#\/schema\/person\/ec8fd779f7bc69c31d8e3038991a50f5"},"potentialAction":[{"@type":"SearchAction","target":{"@type":"EntryPoint","urlTemplate":"https:\/\/ikebanafusung.com\/?s={search_term_string}"},"query-input":{"@type":"PropertyValueSpecification","valueRequired":true,"valueName":"search_term_string"}}],"inLanguage":"tr"},{"@type":["Person","Organization"],"@id":"https:\/\/ikebanafusung.com\/#\/schema\/person\/ec8fd779f7bc69c31d8e3038991a50f5","name":"Inovasyon","image":{"@type":"ImageObject","inLanguage":"tr","@id":"https:\/\/ikebanafusung.com\/#\/schema\/person\/image\/","url":"https:\/\/i0.wp.com\/ikebanafusung.com\/wp-content\/uploads\/2024\/11\/cropped-cropped-cropped-Depositphotos_264072518_XL-1.jpg?fit=6013%2C1752&ssl=1","contentUrl":"https:\/\/i0.wp.com\/ikebanafusung.com\/wp-content\/uploads\/2024\/11\/cropped-cropped-cropped-Depositphotos_264072518_XL-1.jpg?fit=6013%2C1752&ssl=1","width":6013,"height":1752,"caption":"Inovasyon"},"logo":{"@id":"https:\/\/ikebanafusung.com\/#\/schema\/person\/image\/"}}]}},"jetpack_likes_enabled":true,"jetpack_sharing_enabled":true,"jetpack_shortlink":"https:\/\/wp.me\/P3dDmC-3T6","jetpack-related-posts":[{"id":15819,"url":"https:\/\/ikebanafusung.com\/?page_id=15819","url_meta":{"origin":14948,"position":0},"title":"\u0130\u015flem Ba\u015far\u0131s\u0131z Oldu","author":"Zeynep KIYAK","date":"Temmuz 2, 2025","format":false,"excerpt":"\u0130\u015fleminiz ba\u015far\u0131s\u0131z oldu; l\u00fctfen tekrar deneyin veya site destek ekibiyle ileti\u015fime ge\u00e7in.","rel":"","context":"Benzer yaz\u0131","block_context":{"text":"Benzer yaz\u0131","link":""},"img":{"alt_text":"","src":"","width":0,"height":0},"classes":[]},{"id":14906,"url":"https:\/\/ikebanafusung.com\/?page_id=14906","url_meta":{"origin":14948,"position":1},"title":"\u0130kebana","author":"Zeynep KIYAK","date":"Aral\u0131k 1, 2024","format":false,"excerpt":"Do\u011fa ve Sanat\u0131n Bulu\u015fma Noktas\u0131 - \u0130kebana \u0130kebana kelime anlam\u0131 olarak'' ya\u015fayan \u00e7i\u00e7ekler'' demektir. Japon \u00e7i\u00e7ek d\u00fczenlemesinin di\u011fer \u00e7i\u00e7ek d\u00fczenlemelerinden fark\u0131 bir felsefesi ve tekni\u011fi olmas\u0131d\u0131r. Duygular\u0131 s\u00f6zc\u00fcklerle de\u011fil, \u00e7i\u00e7eklerle ifade etme bi\u00e7imidir. Bunun i\u00e7in \u00e7i\u00e7eklere sembolik anlamlar y\u00fcklenir. Tomurcuklar\u0131n gelece\u011fi, umutlar\u0131 simgelemesi gibi. \u0130kebana do\u011fadaki denge ve d\u00fczenden ilham\u2026","rel":"","context":"Benzer yaz\u0131","block_context":{"text":"Benzer yaz\u0131","link":""},"img":{"alt_text":"","src":"https:\/\/i0.wp.com\/ikebanafusung.com\/wp-content\/uploads\/2024\/11\/kk.photo-27-bahar-dallari-asil1.jpg?resize=350%2C200&ssl=1","width":350,"height":200,"srcset":"https:\/\/i0.wp.com\/ikebanafusung.com\/wp-content\/uploads\/2024\/11\/kk.photo-27-bahar-dallari-asil1.jpg?resize=350%2C200&ssl=1 1x, https:\/\/i0.wp.com\/ikebanafusung.com\/wp-content\/uploads\/2024\/11\/kk.photo-27-bahar-dallari-asil1.jpg?resize=525%2C300&ssl=1 1.5x"},"classes":[]}],"_links":{"self":[{"href":"https:\/\/ikebanafusung.com\/index.php?rest_route=\/wp\/v2\/pages\/14948","targetHints":{"allow":["GET"]}}],"collection":[{"href":"https:\/\/ikebanafusung.com\/index.php?rest_route=\/wp\/v2\/pages"}],"about":[{"href":"https:\/\/ikebanafusung.com\/index.php?rest_route=\/wp\/v2\/types\/page"}],"author":[{"embeddable":true,"href":"https:\/\/ikebanafusung.com\/index.php?rest_route=\/wp\/v2\/users\/191594741"}],"replies":[{"embeddable":true,"href":"https:\/\/ikebanafusung.com\/index.php?rest_route=%2Fwp%2Fv2%2Fcomments&post=14948"}],"version-history":[{"count":9,"href":"https:\/\/ikebanafusung.com\/index.php?rest_route=\/wp\/v2\/pages\/14948\/revisions"}],"predecessor-version":[{"id":15475,"href":"https:\/\/ikebanafusung.com\/index.php?rest_route=\/wp\/v2\/pages\/14948\/revisions\/15475"}],"wp:attachment":[{"href":"https:\/\/ikebanafusung.com\/index.php?rest_route=%2Fwp%2Fv2%2Fmedia&parent=14948"}],"curies":[{"name":"wp","href":"https:\/\/api.w.org\/{rel}","templated":true}]}}